{"id":25204,"date":"2024-10-26T16:01:18","date_gmt":"2024-10-26T16:01:18","guid":{"rendered":"https:\/\/ikostudio.it\/precio-de-un-vitral-artistico\/"},"modified":"2024-11-05T10:13:53","modified_gmt":"2024-11-05T10:13:53","slug":"precio-de-un-vitral-artistico","status":"publish","type":"page","link":"https:\/\/ikostudio.it\/es\/precio-de-un-vitral-artistico\/","title":{"rendered":"Precio de un vitral art\u00edstico"},"content":{"rendered":"\t\t<div data-elementor-type=\"wp-page\" data-elementor-id=\"25204\" class=\"elementor elementor-25204 elementor-20863\" data-elementor-post-type=\"page\">\n\t\t\t\t<div class=\"elementor-element elementor-element-e471f35 e-flex e-con-boxed e-con e-parent\" data-id=\"e471f35\" data-element_type=\"container\" data-e-type=\"container\">\n\t\t\t\t\t<div class=\"e-con-inner\">\n\t\t<div class=\"elementor-element elementor-element-cbc8e68 e-con-full e-flex e-con e-child\" data-id=\"cbc8e68\" data-element_type=\"container\" data-e-type=\"container\">\n\t\t\t\t<div class=\"elementor-element elementor-element-d9cdbbe elementor--h-position-center elementor--v-position-middle elementor-widget elementor-widget-slides\" data-id=\"d9cdbbe\" data-element_type=\"widget\" data-e-type=\"widget\" data-settings=\"{&quot;navigation&quot;:&quot;none&quot;,&quot;transition&quot;:&quot;fade&quot;,&quot;autoplay&quot;:&quot;yes&quot;,&quot;pause_on_interaction&quot;:&quot;yes&quot;,&quot;autoplay_speed&quot;:5000,&quot;infinite&quot;:&quot;yes&quot;,&quot;transition_speed&quot;:500}\" data-widget_type=\"slides.default\">\n\t\t\t\t<div class=\"elementor-widget-container\">\n\t\t\t\t\t\t\t\t\t<div class=\"elementor-swiper\">\n\t\t\t\t\t<div class=\"elementor-slides-wrapper elementor-main-swiper swiper\" role=\"region\" aria-roledescription=\"carousel\" aria-label=\"Diapositivas\" dir=\"ltr\" data-animation=\"\">\n\t\t\t\t<div class=\"swiper-wrapper elementor-slides\">\n\t\t\t\t\t\t\t\t\t\t<div class=\"elementor-repeater-item-4924146 swiper-slide\" role=\"group\" aria-roledescription=\"slide\"><div class=\"swiper-slide-bg\" role=\"img\" aria-label=\"Prezzo di una vetrata artistica\"><\/div><div class=\"swiper-slide-inner\" ><div class=\"swiper-slide-contents\"><div class=\"elementor-slide-heading\">Precio de un vitral art\u00edstico<\/div><div class=\"elementor-slide-description\"><p>\u00bfCu\u00e1nto cuesta un vitral art\u00edstico?<\/p>\n<\/div><div  class=\"elementor-button elementor-slide-button elementor-size-sm\">Clic aqu\u00ed<\/div><\/div><\/div><\/div>\t\t\t\t<\/div>\n\t\t\t\t\t\t\t<\/div>\n\t\t\t\t<\/div>\n\t\t\t\t\t\t\t\t<\/div>\n\t\t\t\t<\/div>\n\t\t\t\t<\/div>\n\t\t\t\t\t<\/div>\n\t\t\t\t<\/div>\n\t\t<div class=\"elementor-element elementor-element-11fb960 e-flex e-con-boxed e-con e-parent\" data-id=\"11fb960\" data-element_type=\"container\" data-e-type=\"container\">\n\t\t\t\t\t<div class=\"e-con-inner\">\n\t\t<div class=\"elementor-element elementor-element-1a5c7da e-con-full e-flex e-con e-child\" data-id=\"1a5c7da\" data-element_type=\"container\" data-e-type=\"container\">\n\t\t\t\t<div class=\"elementor-element elementor-element-274bca5 elementor-widget elementor-widget-text-editor\" data-id=\"274bca5\" data-element_type=\"widget\" data-e-type=\"widget\" data-widget_type=\"text-editor.default\">\n\t\t\t\t<div class=\"elementor-widget-container\">\n\t\t\t\t\t\t\t\t\t<h1>Precio de un vitral art\u00edstico<\/h1>\n<h2>\u00bfCu\u00e1nto cuesta un vitral art\u00edstico?<\/h2>\n<p>Determinar el precio de un vitral puede resultar complejo. Esta p\u00e1gina le ofrece una estimaci\u00f3n general de los costes para ayudarle a evitar sorpresas y tomar una decisi\u00f3n informada.<\/p>\n<p>La mayor\u00eda de las personas que solicitan una cotizaci\u00f3n no est\u00e1n familiarizadas con los factores que determinan el costo de una vidriera. Los tres elementos principales son: el tipo de materiales (especialmente el vidrio), los tiempos de procesamiento y el tama\u00f1o del proyecto.<\/p>\n\t\t\t\t\t\t\t\t<\/div>\n\t\t\t\t<\/div>\n\t\t\t\t<\/div>\n\t\t\t\t\t<\/div>\n\t\t\t\t<\/div>\n\t\t<div class=\"elementor-element elementor-element-f9c71f8 e-flex e-con-boxed e-con e-parent\" data-id=\"f9c71f8\" data-element_type=\"container\" data-e-type=\"container\">\n\t\t\t\t\t<div class=\"e-con-inner\">\n\t\t<div class=\"elementor-element elementor-element-1417e19 e-con-full e-flex e-con e-child\" data-id=\"1417e19\" data-element_type=\"container\" data-e-type=\"container\">\n\t\t\t\t<div class=\"elementor-element elementor-element-5347a57 elementor-widget elementor-widget-text-editor\" data-id=\"5347a57\" data-element_type=\"widget\" data-e-type=\"widget\" data-widget_type=\"text-editor.default\">\n\t\t\t\t<div class=\"elementor-widget-container\">\n\t\t\t\t\t\t\t\t\t<h2>Tipo de vidrio y materiales<\/h2>\n<p>Existe en el mercado una amplia gama de vidrios, de diferentes espesores, colores y texturas, con precios que pueden variar mucho. Pero \u00bfcu\u00e1les son los principales factores que influyen en el coste de una placa de vidrio? Hay dos: el m\u00e9todo de fabricaci\u00f3n y el color.<\/p>\n<p><span style=\"color: #3366ff;\">M\u00e9todo de fabricaci\u00f3n:<\/span> El vidrio se puede producir industrialmente, abarat\u00e1ndolo, o artesanalmente, como en placa de vidrio soplado, realizadas artesanalmente una a una, haciendo que cada pieza sea \u00fanica y preciosa.<\/p>\n<p><span style=\"color: #3366ff;\">Color:<\/span> El color tambi\u00e9n influye en el precio. Para obtener tonalidades espec\u00edficas se a\u00f1aden elementos cuidadosamente dosificados. Algunos materiales son comunes, mientras que otros, como el oro utilizado para lograr un rosa brillante, son m\u00e1s raros y caros.<\/p>\n<p>Un tema aparte se aplica a las ventanas emplomadas realizadas con rondel de vidrio soplado, discos de vidrio creados uno a uno a mano y, por tanto, muy caros.<\/p>\n<h2>Tiempos de procesamiento<\/h2>\n<p>La creaci\u00f3n de un vitral art\u00edstico se divide en varias fases: dise\u00f1o, corte del vidrio, pintura, el armado con plomo y estucado. Algunos pasos son relativamente r\u00e1pidos, mientras que otros requieren gran precisi\u00f3n y paciencia. Cortar el vidrio y pintar con grisalla, por ejemplo, son procesos que requieren sumo cuidado. La pintura sobre vidrio en grisalla no s\u00f3lo requiere tiempo para la aplicaci\u00f3n y procesamiento de los pigmentos sino tambi\u00e9n para hornear cada capa en el horno para fijar el pigmento. El corte de vidrio, a\u00fan realizado de forma manual, requiere constancia y precisi\u00f3n para dar forma cuidadosamente a las piezas, evitando romper o desperdiciar preciosos fragmentos de vidrio.<\/p>\n<p><span style=\"color: #3366ff;\">Tama\u00f1o del proyecto<\/span><\/p>\n<p>Las dimensiones tambi\u00e9n influyen en el precio final. Para un acristalamiento peque\u00f1o, el coste por metro cuadrado es relativamente mayor, mientras que para proyectos m\u00e1s grandes el precio por metro cuadrado tiende a disminuir.<\/p>\n<p>Como cada vitral es \u00fanico y requiere un enfoque personalizado, es dif\u00edcil proporcionar una gu\u00eda de precios detallada. Para ayudarte, hemos incluido im\u00e1genes de ejemplo que puedes comparar con el proyecto deseado, para tener una indicaci\u00f3n orientativa del gasto.<\/p>\n\t\t\t\t\t\t\t\t<\/div>\n\t\t\t\t<\/div>\n\t\t\t\t<\/div>\n\t\t\t\t\t<\/div>\n\t\t\t\t<\/div>\n\t\t<div class=\"elementor-element elementor-element-7d67b07 e-flex e-con-boxed e-con e-parent\" data-id=\"7d67b07\" data-element_type=\"container\" data-e-type=\"container\">\n\t\t\t\t\t<div class=\"e-con-inner\">\n\t\t<div class=\"elementor-element elementor-element-dc8ea99 e-con-full e-flex e-con e-child\" data-id=\"dc8ea99\" data-element_type=\"container\" data-e-type=\"container\">\n\t\t\t\t<div class=\"elementor-element elementor-element-4e7d271 elementor-widget elementor-widget-text-editor\" data-id=\"4e7d271\" data-element_type=\"widget\" data-e-type=\"widget\" data-widget_type=\"text-editor.default\">\n\t\t\t\t<div class=\"elementor-widget-container\">\n\t\t\t\t\t\t\t\t\t<h2>Vitral emplomado sin pintura<\/h2>\n<p>El vidrio emplomado es un mosaico de piezas de vidrio coloreado, unidos por perfiles de plomo cuyas uniones est\u00e1n soldadas con esta\u00f1o. Un estuco especial impermeabiliza y hace que la estructura sea r\u00edgida, rellenando el espacio entre el vidrio y el plomo.<\/p>\n<p>El precio de una ventana de vidrio emplomado var\u00eda seg\u00fan el n\u00famero y la complejidad de las piezas de vidrio: va desde patrones geom\u00e9tricos simples hasta mosaicos complejos, que requieren vidrios de plomo finos y un corte de vidrio extremadamente preciso.<\/p>\n\t\t\t\t\t\t\t\t<\/div>\n\t\t\t\t<\/div>\n\t\t\t\t<\/div>\n\t\t\t\t\t<\/div>\n\t\t\t\t<\/div>\n\t\t<div class=\"elementor-element elementor-element-9d0e4a1 e-flex e-con-boxed e-con e-parent\" data-id=\"9d0e4a1\" data-element_type=\"container\" data-e-type=\"container\">\n\t\t\t\t\t<div class=\"e-con-inner\">\n\t\t<div class=\"elementor-element elementor-element-ff3aa05 e-con-full e-flex e-con e-child\" data-id=\"ff3aa05\" data-element_type=\"container\" data-e-type=\"container\">\n\t\t\t\t<div class=\"elementor-element elementor-element-103d7ee elementor-widget elementor-widget-image\" data-id=\"103d7ee\" data-element_type=\"widget\" data-e-type=\"widget\" data-widget_type=\"image.default\">\n\t\t\t\t<div class=\"elementor-widget-container\">\n\t\t\t\t\t\t\t\t\t\t\t\t<figure class=\"wp-caption\">\n\t\t\t\t\t\t\t\t\t\t<img fetchpriority=\"high\" decoding=\"async\" width=\"498\" height=\"675\" src=\"https:\/\/ikostudio.it\/wp-content\/uploads\/2020\/04\/Prezzo-di-una-vetrata-artistica-basso.webp\" class=\"attachment-medium_large size-medium_large wp-image-20882\" alt=\"Prezzo di una vetrata artistica basso\" \/>\t\t\t\t\t\t\t\t\t\t\t<figcaption class=\"widget-image-caption wp-caption-text\">Baja mano de obra 900\u20ac por m2<\/figcaption>\n\t\t\t\t\t\t\t\t\t\t<\/figure>\n\t\t\t\t\t\t\t\t\t<\/div>\n\t\t\t\t<\/div>\n\t\t\t\t<\/div>\n\t\t<div class=\"elementor-element elementor-element-5709097 e-con-full e-flex e-con e-child\" data-id=\"5709097\" data-element_type=\"container\" data-e-type=\"container\">\n\t\t\t\t<div class=\"elementor-element elementor-element-47c1760 elementor-widget elementor-widget-image\" data-id=\"47c1760\" data-element_type=\"widget\" data-e-type=\"widget\" data-widget_type=\"image.default\">\n\t\t\t\t<div class=\"elementor-widget-container\">\n\t\t\t\t\t\t\t\t\t\t\t\t<figure class=\"wp-caption\">\n\t\t\t\t\t\t\t\t\t\t<img decoding=\"async\" width=\"553\" height=\"750\" src=\"https:\/\/ikostudio.it\/wp-content\/uploads\/2020\/04\/Prezzo-di-una-vetrata-artistica-medio.webp\" class=\"attachment-large size-large wp-image-20885\" alt=\"Prezzo di una vetrata artistica medio\" \/>\t\t\t\t\t\t\t\t\t\t\t<figcaption class=\"widget-image-caption wp-caption-text\">Media mano de obra 1300\u20ac por m2<\/figcaption>\n\t\t\t\t\t\t\t\t\t\t<\/figure>\n\t\t\t\t\t\t\t\t\t<\/div>\n\t\t\t\t<\/div>\n\t\t\t\t<\/div>\n\t\t<div class=\"elementor-element elementor-element-5df69a9 e-con-full e-flex e-con e-child\" data-id=\"5df69a9\" data-element_type=\"container\" data-e-type=\"container\">\n\t\t\t\t<div class=\"elementor-element elementor-element-5965988 elementor-widget elementor-widget-image\" data-id=\"5965988\" data-element_type=\"widget\" data-e-type=\"widget\" data-widget_type=\"image.default\">\n\t\t\t\t<div class=\"elementor-widget-container\">\n\t\t\t\t\t\t\t\t\t\t\t\t<figure class=\"wp-caption\">\n\t\t\t\t\t\t\t\t\t\t<img decoding=\"async\" width=\"553\" height=\"750\" src=\"https:\/\/ikostudio.it\/wp-content\/uploads\/2020\/04\/Prezzo-di-una-vetrata-artistica-alto-1.jpg\" class=\"attachment-large size-large wp-image-20891\" alt=\"Prezzo di una vetrata artistica alto\" srcset=\"https:\/\/ikostudio.it\/wp-content\/uploads\/2020\/04\/Prezzo-di-una-vetrata-artistica-alto-1.jpg 553w, https:\/\/ikostudio.it\/wp-content\/uploads\/2020\/04\/Prezzo-di-una-vetrata-artistica-alto-1-221x300.jpg 221w\" sizes=\"(max-width: 553px) 100vw, 553px\" \/>\t\t\t\t\t\t\t\t\t\t\t<figcaption class=\"widget-image-caption wp-caption-text\">Alta mano de obra 2300 \u20ac por m2<\/figcaption>\n\t\t\t\t\t\t\t\t\t\t<\/figure>\n\t\t\t\t\t\t\t\t\t<\/div>\n\t\t\t\t<\/div>\n\t\t\t\t<\/div>\n\t\t\t\t\t<\/div>\n\t\t\t\t<\/div>\n\t\t<div class=\"elementor-element elementor-element-8a8b371 e-flex e-con-boxed e-con e-parent\" data-id=\"8a8b371\" data-element_type=\"container\" data-e-type=\"container\">\n\t\t\t\t\t<div class=\"e-con-inner\">\n\t\t<div class=\"elementor-element elementor-element-486ebd3 e-con-full e-flex e-con e-child\" data-id=\"486ebd3\" data-element_type=\"container\" data-e-type=\"container\">\n\t\t\t\t<div class=\"elementor-element elementor-element-dc1a223 elementor-widget elementor-widget-text-editor\" data-id=\"dc1a223\" data-element_type=\"widget\" data-e-type=\"widget\" data-widget_type=\"text-editor.default\">\n\t\t\t\t<div class=\"elementor-widget-container\">\n\t\t\t\t\t\t\t\t\t<h2>Vitral emplomado con pintura<\/h2>\n<p>un vitral emplomado con pintura es tambi\u00e9n un mosaico de vidrios de colores unidos por el plomo, pero con la particularidad de que parte o la totalidad del vidrio est\u00e1 pintado con colores espec\u00edficos para el vidrio, cocido varias veces en el horno para fijar permanentemente el color.<\/p>\n<p>En este caso, los tiempos de procesamiento son m\u00e1s largos y el precio ser\u00e1 mayor que el de una simple ventana de vidrio emplomado. El costo de un vitral art\u00edstico pintado con grisalla var\u00eda seg\u00fan la complejidad de la pintura del vidrio.<\/p>\n\t\t\t\t\t\t\t\t<\/div>\n\t\t\t\t<\/div>\n\t\t\t\t<\/div>\n\t\t\t\t\t<\/div>\n\t\t\t\t<\/div>\n\t\t<div class=\"elementor-element elementor-element-c13522a e-flex e-con-boxed e-con e-parent\" data-id=\"c13522a\" data-element_type=\"container\" data-e-type=\"container\">\n\t\t\t\t\t<div class=\"e-con-inner\">\n\t\t<div class=\"elementor-element elementor-element-5481589 e-con-full e-flex e-con e-child\" data-id=\"5481589\" data-element_type=\"container\" data-e-type=\"container\">\n\t\t\t\t<div class=\"elementor-element elementor-element-3c62875 elementor-widget elementor-widget-image\" data-id=\"3c62875\" data-element_type=\"widget\" data-e-type=\"widget\" data-widget_type=\"image.default\">\n\t\t\t\t<div class=\"elementor-widget-container\">\n\t\t\t\t\t\t\t\t\t\t\t\t<figure class=\"wp-caption\">\n\t\t\t\t\t\t\t\t\t\t<img loading=\"lazy\" decoding=\"async\" width=\"800\" height=\"798\" src=\"https:\/\/ikostudio.it\/wp-content\/uploads\/2020\/04\/Vetrata-artistica-dipinta-semplice-1024x1022.jpg\" class=\"attachment-large size-large wp-image-20895\" alt=\"Precio de un vitral con pintura simple\" srcset=\"https:\/\/ikostudio.it\/wp-content\/uploads\/2020\/04\/Vetrata-artistica-dipinta-semplice-1024x1022.jpg 1024w, https:\/\/ikostudio.it\/wp-content\/uploads\/2020\/04\/Vetrata-artistica-dipinta-semplice-300x300.jpg 300w, https:\/\/ikostudio.it\/wp-content\/uploads\/2020\/04\/Vetrata-artistica-dipinta-semplice-150x150.jpg 150w, https:\/\/ikostudio.it\/wp-content\/uploads\/2020\/04\/Vetrata-artistica-dipinta-semplice-768x767.jpg 768w, https:\/\/ikostudio.it\/wp-content\/uploads\/2020\/04\/Vetrata-artistica-dipinta-semplice-1536x1533.jpg 1536w, https:\/\/ikostudio.it\/wp-content\/uploads\/2020\/04\/Vetrata-artistica-dipinta-semplice.jpg 1751w\" sizes=\"(max-width: 800px) 100vw, 800px\" \/>\t\t\t\t\t\t\t\t\t\t\t<figcaption class=\"widget-image-caption wp-caption-text\">Vitral con pintura simple 1700\u20ac por m2<\/figcaption>\n\t\t\t\t\t\t\t\t\t\t<\/figure>\n\t\t\t\t\t\t\t\t\t<\/div>\n\t\t\t\t<\/div>\n\t\t\t\t<\/div>\n\t\t<div class=\"elementor-element elementor-element-8210b5d e-con-full e-flex e-con e-child\" data-id=\"8210b5d\" data-element_type=\"container\" data-e-type=\"container\">\n\t\t\t\t<div class=\"elementor-element elementor-element-34aeb51 elementor-widget elementor-widget-image\" data-id=\"34aeb51\" data-element_type=\"widget\" data-e-type=\"widget\" data-widget_type=\"image.default\">\n\t\t\t\t<div class=\"elementor-widget-container\">\n\t\t\t\t\t\t\t\t\t\t\t\t<figure class=\"wp-caption\">\n\t\t\t\t\t\t\t\t\t\t<img loading=\"lazy\" decoding=\"async\" width=\"800\" height=\"798\" src=\"https:\/\/ikostudio.it\/wp-content\/uploads\/2020\/04\/Vetrata-artistica-dipinta-media-1024x1021.jpg\" class=\"attachment-large size-large wp-image-20898\" alt=\"Precio de un vitral por dificultad media de pintura\" srcset=\"https:\/\/ikostudio.it\/wp-content\/uploads\/2020\/04\/Vetrata-artistica-dipinta-media-1024x1021.jpg 1024w, https:\/\/ikostudio.it\/wp-content\/uploads\/2020\/04\/Vetrata-artistica-dipinta-media-300x300.jpg 300w, https:\/\/ikostudio.it\/wp-content\/uploads\/2020\/04\/Vetrata-artistica-dipinta-media-150x150.jpg 150w, https:\/\/ikostudio.it\/wp-content\/uploads\/2020\/04\/Vetrata-artistica-dipinta-media-768x766.jpg 768w, https:\/\/ikostudio.it\/wp-content\/uploads\/2020\/04\/Vetrata-artistica-dipinta-media-1536x1532.jpg 1536w, https:\/\/ikostudio.it\/wp-content\/uploads\/2020\/04\/Vetrata-artistica-dipinta-media.jpg 1751w\" sizes=\"(max-width: 800px) 100vw, 800px\" \/>\t\t\t\t\t\t\t\t\t\t\t<figcaption class=\"widget-image-caption wp-caption-text\">dificultad media de pintura 2100\u20ac por m2<\/figcaption>\n\t\t\t\t\t\t\t\t\t\t<\/figure>\n\t\t\t\t\t\t\t\t\t<\/div>\n\t\t\t\t<\/div>\n\t\t\t\t<\/div>\n\t\t<div class=\"elementor-element elementor-element-15392f4 e-con-full e-flex e-con e-child\" data-id=\"15392f4\" data-element_type=\"container\" data-e-type=\"container\">\n\t\t\t\t<div class=\"elementor-element elementor-element-33f9642 elementor-widget elementor-widget-image\" data-id=\"33f9642\" data-element_type=\"widget\" data-e-type=\"widget\" data-widget_type=\"image.default\">\n\t\t\t\t<div class=\"elementor-widget-container\">\n\t\t\t\t\t\t\t\t\t\t\t\t<figure class=\"wp-caption\">\n\t\t\t\t\t\t\t\t\t\t<img loading=\"lazy\" decoding=\"async\" width=\"800\" height=\"794\" src=\"https:\/\/ikostudio.it\/wp-content\/uploads\/2020\/04\/Vetrata-artistica-dipinta-complessa-1024x1016.jpg\" class=\"attachment-large size-large wp-image-20901\" alt=\"Precio de un vitral con pintura compleja\" srcset=\"https:\/\/ikostudio.it\/wp-content\/uploads\/2020\/04\/Vetrata-artistica-dipinta-complessa-1024x1016.jpg 1024w, https:\/\/ikostudio.it\/wp-content\/uploads\/2020\/04\/Vetrata-artistica-dipinta-complessa-300x298.jpg 300w, https:\/\/ikostudio.it\/wp-content\/uploads\/2020\/04\/Vetrata-artistica-dipinta-complessa-150x150.jpg 150w, https:\/\/ikostudio.it\/wp-content\/uploads\/2020\/04\/Vetrata-artistica-dipinta-complessa-768x762.jpg 768w, https:\/\/ikostudio.it\/wp-content\/uploads\/2020\/04\/Vetrata-artistica-dipinta-complessa-1536x1525.jpg 1536w, https:\/\/ikostudio.it\/wp-content\/uploads\/2020\/04\/Vetrata-artistica-dipinta-complessa.jpg 1751w\" sizes=\"(max-width: 800px) 100vw, 800px\" \/>\t\t\t\t\t\t\t\t\t\t\t<figcaption class=\"widget-image-caption wp-caption-text\">Vitral con pintura compleja 8000\u20ac por m2<\/figcaption>\n\t\t\t\t\t\t\t\t\t\t<\/figure>\n\t\t\t\t\t\t\t\t\t<\/div>\n\t\t\t\t<\/div>\n\t\t\t\t<\/div>\n\t\t\t\t\t<\/div>\n\t\t\t\t<\/div>\n\t\t<div class=\"elementor-element elementor-element-b5fb6d2 e-flex e-con-boxed e-con e-parent\" data-id=\"b5fb6d2\" data-element_type=\"container\" data-e-type=\"container\">\n\t\t\t\t\t<div class=\"e-con-inner\">\n\t\t<div class=\"elementor-element elementor-element-55d937a e-con-full e-flex e-con e-child\" data-id=\"55d937a\" data-element_type=\"container\" data-e-type=\"container\">\n\t\t\t\t<div class=\"elementor-element elementor-element-3ce3a5b elementor-widget elementor-widget-text-editor\" data-id=\"3ce3a5b\" data-element_type=\"widget\" data-e-type=\"widget\" data-widget_type=\"text-editor.default\">\n\t\t\t\t<div class=\"elementor-widget-container\">\n\t\t\t\t\t\t\t\t\t<h1>Vitral con rondel de vidrio soplado<\/h1>\n<p>Vitral con rondel de vidrio soplado es un mosaico de varias tejas de vidrio unidas con plomo, utilizando c\u00edrculos de vidrio llamados rondel. Los rondels son piezas \u00fanicas hechas a mano, creadas mediante soplado.<br \/>\nHist\u00f3ricamente, fueron muy utilizados en Venecia y, en Italia, se les conoce como \u00abrondels venecianos\u00bb. Descubra <a href=\"https:\/\/www.youtube.com\/watch?v=zC6ZBdwyfuk&amp;t=10s&amp;ab_channel=ikostudioglass\" target=\"_blank\" rel=\"noopener\">c\u00f3mo se crea un rondel a Venecia<\/a><br \/>\nEn un Vitral con rondel de vidrio soplado el precio depende tanto de la mano de obra como del coste de los propios rodillos, que al ser productos artesanales tienen un coste bastante elevado. La cantidad de rodillos utilizados afecta significativamente el precio de un vitral.<br \/>\nPrecios aproximados del acristalamiento enrollable:<br \/>\n\u2022 Rodillos escasos: 1.400 \u20ac por m2<br \/>\n\u2022 Rodillos alineados: 2.600 \u20ac por m2<br \/>\n\u2022 Rodillos escalonados: 3.600 \u20ac el m2<\/p>\n\t\t\t\t\t\t\t\t<\/div>\n\t\t\t\t<\/div>\n\t\t\t\t<\/div>\n\t\t\t\t\t<\/div>\n\t\t\t\t<\/div>\n\t\t<div class=\"elementor-element elementor-element-a5f7c39 e-flex e-con-boxed e-con e-parent\" data-id=\"a5f7c39\" data-element_type=\"container\" data-e-type=\"container\">\n\t\t\t\t\t<div class=\"e-con-inner\">\n\t\t<div class=\"elementor-element elementor-element-9beb980 e-con-full e-flex e-con e-child\" data-id=\"9beb980\" data-element_type=\"container\" data-e-type=\"container\">\n\t\t\t\t<div class=\"elementor-element elementor-element-ba1a0d0 elementor-widget elementor-widget-image\" data-id=\"ba1a0d0\" data-element_type=\"widget\" data-e-type=\"widget\" data-widget_type=\"image.default\">\n\t\t\t\t<div class=\"elementor-widget-container\">\n\t\t\t\t\t\t\t\t\t\t\t\t<figure class=\"wp-caption\">\n\t\t\t\t\t\t\t\t\t\t<img loading=\"lazy\" decoding=\"async\" width=\"531\" height=\"750\" src=\"https:\/\/ikostudio.it\/wp-content\/uploads\/2019\/08\/Vetrate-a-rulli-dai.webp\" class=\"attachment-medium_large size-medium_large wp-image-1946\" alt=\"Fondos de Botella Espaciados\" \/>\t\t\t\t\t\t\t\t\t\t\t<figcaption class=\"widget-image-caption wp-caption-text\">Fondos de botella espaciados<\/figcaption>\n\t\t\t\t\t\t\t\t\t\t<\/figure>\n\t\t\t\t\t\t\t\t\t<\/div>\n\t\t\t\t<\/div>\n\t\t\t\t<\/div>\n\t\t<div class=\"elementor-element elementor-element-f74649a e-con-full e-flex e-con e-child\" data-id=\"f74649a\" data-element_type=\"container\" data-e-type=\"container\">\n\t\t\t\t<div class=\"elementor-element elementor-element-f98fe36 elementor-widget elementor-widget-image\" data-id=\"f98fe36\" data-element_type=\"widget\" data-e-type=\"widget\" data-widget_type=\"image.default\">\n\t\t\t\t<div class=\"elementor-widget-container\">\n\t\t\t\t\t\t\t\t\t\t\t\t<figure class=\"wp-caption\">\n\t\t\t\t\t\t\t\t\t\t<img decoding=\"async\" src=\"https:\/\/ikostudio.it\/wp-content\/uploads\/elementor\/thumbs\/Vetrate-a-rulli-allineati-rdte40fkrm02fnt9y0xl0qisfps81wzg79ewj3h2oo.webp\" title=\"Vidriera con Fondos de Botella Alineados\" alt=\"Ventanas con Fondos de Botella Alineados\" loading=\"lazy\" \/>\t\t\t\t\t\t\t\t\t\t\t<figcaption class=\"widget-image-caption wp-caption-text\">Fondos de botella alineados<\/figcaption>\n\t\t\t\t\t\t\t\t\t\t<\/figure>\n\t\t\t\t\t\t\t\t\t<\/div>\n\t\t\t\t<\/div>\n\t\t\t\t<\/div>\n\t\t<div class=\"elementor-element elementor-element-ac26fb4 e-con-full e-flex e-con e-child\" data-id=\"ac26fb4\" data-element_type=\"container\" data-e-type=\"container\">\n\t\t\t\t<div class=\"elementor-element elementor-element-376c8ec elementor-widget elementor-widget-image\" data-id=\"376c8ec\" data-element_type=\"widget\" data-e-type=\"widget\" data-widget_type=\"image.default\">\n\t\t\t\t<div class=\"elementor-widget-container\">\n\t\t\t\t\t\t\t\t\t\t\t\t<figure class=\"wp-caption\">\n\t\t\t\t\t\t\t\t\t\t<img decoding=\"async\" src=\"https:\/\/ikostudio.it\/wp-content\/uploads\/elementor\/thumbs\/Vetrate-a-rulli-sfalsati-rdte40fkrm02fnt9y0xl0qisfps81wzg79ewj3h2oo.webp\" title=\"Vitral con Fondos de Botella Desfasados\" alt=\"Vitral con Fondos de Botella Desfasados\" loading=\"lazy\" \/>\t\t\t\t\t\t\t\t\t\t\t<figcaption class=\"widget-image-caption wp-caption-text\">Fondos de botella desfasados<\/figcaption>\n\t\t\t\t\t\t\t\t\t\t<\/figure>\n\t\t\t\t\t\t\t\t\t<\/div>\n\t\t\t\t<\/div>\n\t\t\t\t<\/div>\n\t\t\t\t\t<\/div>\n\t\t\t\t<\/div>\n\t\t<div class=\"elementor-element elementor-element-17e7091 e-flex e-con-boxed e-con e-parent\" data-id=\"17e7091\" data-element_type=\"container\" data-e-type=\"container\">\n\t\t\t\t\t<div class=\"e-con-inner\">\n\t\t<div class=\"elementor-element elementor-element-70d81ca e-con-full e-flex e-con e-child\" data-id=\"70d81ca\" data-element_type=\"container\" data-e-type=\"container\">\n\t\t\t\t<div class=\"elementor-element elementor-element-fdd2d13 elementor-widget elementor-widget-text-editor\" data-id=\"fdd2d13\" data-element_type=\"widget\" data-e-type=\"widget\" data-widget_type=\"text-editor.default\">\n\t\t\t\t<div class=\"elementor-widget-container\">\n\t\t\t\t\t\t\t\t\t<h2>\u00a1No te detengas aqu\u00ed!<\/h2>\n<p>Para tu cotizaci\u00f3n personalizada<\/p>\n\t\t\t\t\t\t\t\t<\/div>\n\t\t\t\t<\/div>\n\t\t\t\t<div class=\"elementor-element elementor-element-f9a966e elementor-widget elementor-widget-button\" data-id=\"f9a966e\" data-element_type=\"widget\" data-e-type=\"widget\" data-widget_type=\"button.default\">\n\t\t\t\t<div class=\"elementor-widget-container\">\n\t\t\t\t\t\t\t\t\t<div class=\"elementor-button-wrapper\">\n\t\t\t\t\t<a class=\"elementor-button elementor-button-link elementor-size-sm\" href=\"https:\/\/ikostudio.it\/es\/contactos\/\">\n\t\t\t\t\t\t<span class=\"elementor-button-content-wrapper\">\n\t\t\t\t\t\t\t\t\t<span class=\"elementor-button-text\">CONT\u00c1CTANOS<\/span>\n\t\t\t\t\t<\/span>\n\t\t\t\t\t<\/a>\n\t\t\t\t<\/div>\n\t\t\t\t\t\t\t\t<\/div>\n\t\t\t\t<\/div>\n\t\t\t\t<\/div>\n\t\t\t\t\t<\/div>\n\t\t\t\t<\/div>\n\t\t\t\t<\/div>\n\t\t","protected":false},"excerpt":{"rendered":"<p>Precio de un vitral art\u00edstico \u00bfCu\u00e1nto cuesta un vitral art\u00edstico? Clic aqu\u00ed Precio de un vitral art\u00edstico \u00bfCu\u00e1nto cuesta un vitral art\u00edstico? Determinar el precio de un vitral puede resultar complejo. Esta p\u00e1gina le ofrece una estimaci\u00f3n general de los costes para ayudarle a evitar sorpresas y tomar una decisi\u00f3n informada. La mayor\u00eda de las [&hellip;]<\/p>\n","protected":false},"author":3,"featured_media":0,"parent":0,"menu_order":0,"comment_status":"closed","ping_status":"closed","template":"","meta":{"footnotes":""},"class_list":["post-25204","page","type-page","status-publish","hentry"],"_links":{"self":[{"href":"https:\/\/ikostudio.it\/es\/wp-json\/wp\/v2\/pages\/25204","targetHints":{"allow":["GET"]}}],"collection":[{"href":"https:\/\/ikostudio.it\/es\/wp-json\/wp\/v2\/pages"}],"about":[{"href":"https:\/\/ikostudio.it\/es\/wp-json\/wp\/v2\/types\/page"}],"author":[{"embeddable":true,"href":"https:\/\/ikostudio.it\/es\/wp-json\/wp\/v2\/users\/3"}],"replies":[{"embeddable":true,"href":"https:\/\/ikostudio.it\/es\/wp-json\/wp\/v2\/comments?post=25204"}],"version-history":[{"count":0,"href":"https:\/\/ikostudio.it\/es\/wp-json\/wp\/v2\/pages\/25204\/revisions"}],"wp:attachment":[{"href":"https:\/\/ikostudio.it\/es\/wp-json\/wp\/v2\/media?parent=25204"}],"curies":[{"name":"wp","href":"https:\/\/api.w.org\/{rel}","templated":true}]}}