{"id":23397,"date":"2022-04-20T17:03:33","date_gmt":"2022-04-20T17:03:33","guid":{"rendered":"https:\/\/ikostudio.it\/alojamiento-para-estudiantes\/"},"modified":"2025-11-04T06:12:49","modified_gmt":"2025-11-04T06:12:49","slug":"alojamiento-para-estudiantes","status":"publish","type":"page","link":"https:\/\/ikostudio.it\/es\/cursos-de-vitrales-artisticos\/alojamiento-para-estudiantes\/","title":{"rendered":"Alojamiento para estudiantes"},"content":{"rendered":"\t\t<div data-elementor-type=\"wp-page\" data-elementor-id=\"23397\" class=\"elementor elementor-23397 elementor-23317\" data-elementor-post-type=\"page\">\n\t\t\t\t<div class=\"elementor-element elementor-element-3c98915 e-flex e-con-boxed e-con e-parent\" data-id=\"3c98915\" data-element_type=\"container\" data-e-type=\"container\">\n\t\t\t\t\t<div class=\"e-con-inner\">\n\t\t<div class=\"elementor-element elementor-element-8ee5b8f e-con-full e-flex e-con e-child\" data-id=\"8ee5b8f\" data-element_type=\"container\" data-e-type=\"container\">\n\t\t\t\t<div class=\"elementor-element elementor-element-2c5cab3 elementor-widget elementor-widget-text-editor\" data-id=\"2c5cab3\" data-element_type=\"widget\" data-e-type=\"widget\" data-widget_type=\"text-editor.default\">\n\t\t\t\t<div class=\"elementor-widget-container\">\n\t\t\t\t\t\t\t\t\t<h1>Alojamiento para estudiantes<\/h1>\n\t\t\t\t\t\t\t\t<\/div>\n\t\t\t\t<\/div>\n\t\t\t\t<\/div>\n\t\t\t\t\t<\/div>\n\t\t\t\t<\/div>\n\t\t<div class=\"elementor-element elementor-element-1b6c7c1 e-flex e-con-boxed e-con e-parent\" data-id=\"1b6c7c1\" data-element_type=\"container\" data-e-type=\"container\">\n\t\t\t\t\t<div class=\"e-con-inner\">\n\t\t<div class=\"elementor-element elementor-element-37e6a76 e-con-full e-flex e-con e-child\" data-id=\"37e6a76\" data-element_type=\"container\" data-e-type=\"container\">\n\t\t\t\t<div class=\"elementor-element elementor-element-aa26fb0 elementor-widget elementor-widget-text-editor\" data-id=\"aa26fb0\" data-element_type=\"widget\" data-e-type=\"widget\" data-widget_type=\"text-editor.default\">\n\t\t\t\t<div class=\"elementor-widget-container\">\n\t\t\t\t\t\t\t\t\t<h2>El apartamento reservado para estudiantes de nuestros <strong>cursos de vitrales<\/strong><\/h2>\n<p>Ofrecemos a nuestros estudiantes la oportunidad de alojarse en un encantador apartamento hist\u00f3rico que data del a\u00f1o 1000, ubicado en el pueblo del castillo de <a href=\"https:\/\/es.wikipedia.org\/wiki\/Bolsena\" target=\"_blank\" rel=\"noopener\">Bolsena<\/a>. Las dos ventanas de la casa ofrecen una vista impresionante del lago de Bolsena, de origen volc\u00e1nico, y de los tejados de la ciudad, creando una atm\u00f3sfera \u00fanica y encantadora.<\/p>\n<p>El apartamento est\u00e1 equipado con Wi-Fi, una cocina totalmente equipada para preparar el desayuno y la cena (el almuerzo lo proporcionamos nosotros), y un dormitorio con una cama de matrimonio que se puede convertir en dos camas individuales seg\u00fan sea necesario.<\/p>\n<p>Un agradable paseo conduce a la parte baja de Bolsena, donde se encuentra el laboratorio donde se realizan los cursos.<\/p>\n\t\t\t\t\t\t\t\t<\/div>\n\t\t\t\t<\/div>\n\t\t\t\t<\/div>\n\t\t<div class=\"elementor-element elementor-element-83ff6e3 e-con-full e-flex e-con e-child\" data-id=\"83ff6e3\" data-element_type=\"container\" data-e-type=\"container\">\n\t\t\t\t<div class=\"elementor-element elementor-element-c15219d elementor-widget elementor-widget-image\" data-id=\"c15219d\" data-element_type=\"widget\" data-e-type=\"widget\" data-widget_type=\"image.default\">\n\t\t\t\t<div class=\"elementor-widget-container\">\n\t\t\t\t\t\t\t\t\t\t\t\t\t\t\t<img fetchpriority=\"high\" decoding=\"async\" width=\"800\" height=\"601\" src=\"https:\/\/ikostudio.it\/wp-content\/uploads\/2022\/04\/Vacanze-Creative.webp\" class=\"attachment-large size-large wp-image-23323\" alt=\"Alojamiento para estudiantes curso vitrales Bolsena\" \/>\t\t\t\t\t\t\t\t\t\t\t\t\t\t\t<\/div>\n\t\t\t\t<\/div>\n\t\t\t\t<\/div>\n\t\t\t\t\t<\/div>\n\t\t\t\t<\/div>\n\t\t<div class=\"elementor-element elementor-element-8f3330b e-flex e-con-boxed e-con e-parent\" data-id=\"8f3330b\" data-element_type=\"container\" data-e-type=\"container\">\n\t\t\t\t\t<div class=\"e-con-inner\">\n\t\t\t\t<div class=\"elementor-element elementor-element-cb86360 elementor-widget elementor-widget-text-editor\" data-id=\"cb86360\" data-element_type=\"widget\" data-e-type=\"widget\" data-widget_type=\"text-editor.default\">\n\t\t\t\t<div class=\"elementor-widget-container\">\n\t\t\t\t\t\t\t\t\t<p><strong>Precio especial:<\/strong> el coste del alojamiento es de s\u00f3lo <strong>350\u20ac<\/strong>, una oferta exclusiva reservada para estudiantes.<\/p>\n<p><strong>Adem\u00e1s<\/strong>, es posible ir acompa\u00f1ado de una persona que no participe en el curso, sin ning\u00fan gasto adicional.<\/p>\n<p>Para cualquier informaci\u00f3n, para comprobar disponibilidad o para detalles sobre c\u00f3mo comunicarse con nosotros, <a href=\"https:\/\/ikostudio.it\/es\/contactos\/\" target=\"_blank\" rel=\"noopener\">cont\u00e1ctenos por correo electr\u00f3nico o WhatsApp<\/a><\/p>\n\t\t\t\t\t\t\t\t<\/div>\n\t\t\t\t<\/div>\n\t\t\t\t\t<\/div>\n\t\t\t\t<\/div>\n\t\t<div class=\"elementor-element elementor-element-b16613e e-flex e-con-boxed e-con e-parent\" data-id=\"b16613e\" data-element_type=\"container\" data-e-type=\"container\">\n\t\t\t\t\t<div class=\"e-con-inner\">\n\t\t<div class=\"elementor-element elementor-element-f60d2d0 e-con-full e-flex e-con e-child\" data-id=\"f60d2d0\" data-element_type=\"container\" data-e-type=\"container\">\n\t\t\t\t<div class=\"elementor-element elementor-element-6b28ba5 elementor-skin-carousel elementor-arrows-yes elementor-pagination-type-bullets elementor-pagination-position-outside elementor-widget elementor-widget-media-carousel\" data-id=\"6b28ba5\" data-element_type=\"widget\" data-e-type=\"widget\" data-settings=\"{&quot;effect&quot;:&quot;cube&quot;,&quot;skin&quot;:&quot;carousel&quot;,&quot;show_arrows&quot;:&quot;yes&quot;,&quot;pagination&quot;:&quot;bullets&quot;,&quot;speed&quot;:500,&quot;autoplay&quot;:&quot;yes&quot;,&quot;autoplay_speed&quot;:5000,&quot;loop&quot;:&quot;yes&quot;,&quot;pause_on_hover&quot;:&quot;yes&quot;,&quot;pause_on_interaction&quot;:&quot;yes&quot;,&quot;space_between&quot;:{&quot;unit&quot;:&quot;px&quot;,&quot;size&quot;:10,&quot;sizes&quot;:[]},&quot;space_between_tablet&quot;:{&quot;unit&quot;:&quot;px&quot;,&quot;size&quot;:10,&quot;sizes&quot;:[]},&quot;space_between_mobile&quot;:{&quot;unit&quot;:&quot;px&quot;,&quot;size&quot;:10,&quot;sizes&quot;:[]}}\" data-widget_type=\"media-carousel.default\">\n\t\t\t\t<div class=\"elementor-widget-container\">\n\t\t\t\t\t\t\t\t\t<div class=\"elementor-swiper\">\n\t\t\t\t\t<div class=\"elementor-main-swiper swiper\" role=\"region\" aria-roledescription=\"carousel\" aria-label=\"Slides\">\n\t\t\t\t<div class=\"swiper-wrapper\">\n\t\t\t\t\t\t\t\t\t\t\t<div class=\"swiper-slide\" role=\"group\" aria-roledescription=\"slide\">\n\t\t\t\t\t\t\t\t\t<div class=\"elementor-carousel-image\" role=\"img\" aria-label=\"Alojamiento Estudiantes de Vititrales\" style=\"background-image: url(&#039;https:\/\/ikostudio.it\/wp-content\/uploads\/2022\/04\/Alloggio-studenti-vetrate.webp&#039;)\">\n\n\t\t\t\n\t\t\t\t\t<\/div>\n\t\t\t\t\t\t\t\t<\/div>\n\t\t\t\t\t\t\t\t\t\t\t<div class=\"swiper-slide\" role=\"group\" aria-roledescription=\"slide\">\n\t\t\t\t\t\t\t\t\t<div class=\"elementor-carousel-image\" role=\"img\" aria-label=\"Peque\u00f1a terraza\" style=\"background-image: url(&#039;https:\/\/ikostudio.it\/wp-content\/uploads\/2022\/04\/Piccolo-terrazzo.webp&#039;)\">\n\n\t\t\t\n\t\t\t\t\t<\/div>\n\t\t\t\t\t\t\t\t<\/div>\n\t\t\t\t\t\t\t\t\t\t\t<div class=\"swiper-slide\" role=\"group\" aria-roledescription=\"slide\">\n\t\t\t\t\t\t\t\t\t<div class=\"elementor-carousel-image\" role=\"img\" aria-label=\"Alojamiento &gt;Barrio del Castillo de Bolsena\" style=\"background-image: url(&#039;https:\/\/ikostudio.it\/wp-content\/uploads\/2022\/04\/Alloggio-rione-castello-Bolsena.webp&#039;)\">\n\n\t\t\t\n\t\t\t\t\t<\/div>\n\t\t\t\t\t\t\t\t<\/div>\n\t\t\t\t\t\t\t\t\t\t\t<div class=\"swiper-slide\" role=\"group\" aria-roledescription=\"slide\">\n\t\t\t\t\t\t\t\t\t<div class=\"elementor-carousel-image\" role=\"img\" aria-label=\"Alojamiento Bolsena\" style=\"background-image: url(&#039;https:\/\/ikostudio.it\/wp-content\/uploads\/2022\/04\/Alloggio-Bolsena.webp&#039;)\">\n\n\t\t\t\n\t\t\t\t\t<\/div>\n\t\t\t\t\t\t\t\t<\/div>\n\t\t\t\t\t\t\t\t\t\t\t<div class=\"swiper-slide\" role=\"group\" aria-roledescription=\"slide\">\n\t\t\t\t\t\t\t\t\t<div class=\"elementor-carousel-image\" role=\"img\" aria-label=\"Alojamiento para estudiantes Bolsena\" style=\"background-image: url(&#039;https:\/\/ikostudio.it\/wp-content\/uploads\/2022\/04\/Alloggio-studenti-Bolsena.webp&#039;)\">\n\n\t\t\t\n\t\t\t\t\t<\/div>\n\t\t\t\t\t\t\t\t<\/div>\n\t\t\t\t\t\t\t\t\t\t\t<div class=\"swiper-slide\" role=\"group\" aria-roledescription=\"slide\">\n\t\t\t\t\t\t\t\t\t<div class=\"elementor-carousel-image\" role=\"img\" aria-label=\"Lago de Bolsena Panorama\" style=\"background-image: url(&#039;https:\/\/ikostudio.it\/wp-content\/uploads\/2022\/04\/Lago-di-Bolsena.webp&#039;)\">\n\n\t\t\t\n\t\t\t\t\t<\/div>\n\t\t\t\t\t\t\t\t<\/div>\n\t\t\t\t\t\t\t\t\t\t\t<div class=\"swiper-slide\" role=\"group\" aria-roledescription=\"slide\">\n\t\t\t\t\t\t\t\t\t<div class=\"elementor-carousel-image\" role=\"img\" aria-label=\"curso de arte residencial\" style=\"background-image: url(&#039;https:\/\/ikostudio.it\/wp-content\/uploads\/2022\/04\/Corso-arte-residenziale.webp&#039;)\">\n\n\t\t\t\n\t\t\t\t\t<\/div>\n\t\t\t\t\t\t\t\t<\/div>\n\t\t\t\t\t\t\t\t\t\t\t<div class=\"swiper-slide\" role=\"group\" aria-roledescription=\"slide\">\n\t\t\t\t\t\t\t\t\t<div class=\"elementor-carousel-image\" role=\"img\" aria-label=\"Vista de Bolsena\" style=\"background-image: url(&#039;https:\/\/ikostudio.it\/wp-content\/uploads\/2022\/04\/Vista-Bolsena.webp&#039;)\">\n\n\t\t\t\n\t\t\t\t\t<\/div>\n\t\t\t\t\t\t\t\t<\/div>\n\t\t\t\t\t\t\t\t\t\t\t<div class=\"swiper-slide\" role=\"group\" aria-roledescription=\"slide\">\n\t\t\t\t\t\t\t\t\t<div class=\"elementor-carousel-image\" role=\"img\" aria-label=\"Corso di vetrate alloggio\" style=\"background-image: url(&#039;https:\/\/ikostudio.it\/wp-content\/uploads\/2022\/04\/Corso-di-vetrate-alloggio.webp&#039;)\">\n\n\t\t\t\n\t\t\t\t\t<\/div>\n\t\t\t\t\t\t\t\t<\/div>\n\t\t\t\t\t\t\t\t\t\t\t<div class=\"swiper-slide\" role=\"group\" aria-roledescription=\"slide\">\n\t\t\t\t\t\t\t\t\t<div class=\"elementor-carousel-image\" role=\"img\" aria-label=\"Cocina alojamiento para estudiantes\" style=\"background-image: url(&#039;https:\/\/ikostudio.it\/wp-content\/uploads\/2022\/04\/Cucina-alloggio-studenti.webp&#039;)\">\n\n\t\t\t\n\t\t\t\t\t<\/div>\n\t\t\t\t\t\t\t\t<\/div>\n\t\t\t\t\t\t\t\t\t\t\t<div class=\"swiper-slide\" role=\"group\" aria-roledescription=\"slide\">\n\t\t\t\t\t\t\t\t\t<div class=\"elementor-carousel-image\" role=\"img\" aria-label=\"Ba\u00f1o Alojamiento\" style=\"background-image: url(&#039;https:\/\/ikostudio.it\/wp-content\/uploads\/2022\/04\/Bagno-Alloggio.webp&#039;)\">\n\n\t\t\t\n\t\t\t\t\t<\/div>\n\t\t\t\t\t\t\t\t<\/div>\n\t\t\t\t\t\t\t\t\t<\/div>\n\t\t\t\t\t\t\t\t\t\t\t\t\t\t\t<div class=\"elementor-swiper-button elementor-swiper-button-prev\" role=\"button\" tabindex=\"0\" aria-label=\"Anterior\">\n\t\t\t\t\t\t\t<svg aria-hidden=\"true\" class=\"e-font-icon-svg e-eicon-chevron-left\" viewBox=\"0 0 1000 1000\" xmlns=\"http:\/\/www.w3.org\/2000\/svg\"><path d=\"M646 125C629 125 613 133 604 142L308 442C296 454 292 471 292 487 292 504 296 521 308 533L604 854C617 867 629 875 646 875 663 875 679 871 692 858 704 846 713 829 713 812 713 796 708 779 692 767L438 487 692 225C700 217 708 204 708 187 708 171 704 154 692 142 675 129 663 125 646 125Z\"><\/path><\/svg>\t\t\t\t\t\t<\/div>\n\t\t\t\t\t\t<div class=\"elementor-swiper-button elementor-swiper-button-next\" role=\"button\" tabindex=\"0\" aria-label=\"Siguiente\">\n\t\t\t\t\t\t\t<svg aria-hidden=\"true\" class=\"e-font-icon-svg e-eicon-chevron-right\" viewBox=\"0 0 1000 1000\" xmlns=\"http:\/\/www.w3.org\/2000\/svg\"><path d=\"M696 533C708 521 713 504 713 487 713 471 708 454 696 446L400 146C388 133 375 125 354 125 338 125 325 129 313 142 300 154 292 171 292 187 292 204 296 221 308 233L563 492 304 771C292 783 288 800 288 817 288 833 296 850 308 863 321 871 338 875 354 875 371 875 388 867 400 854L696 533Z\"><\/path><\/svg>\t\t\t\t\t\t<\/div>\n\t\t\t\t\t\t\t\t\t\t\t\t\t\t\t\t<div class=\"swiper-pagination\"><\/div>\n\t\t\t\t\t\t\t\t\t\t\t\t<\/div>\n\t\t\t\t<\/div>\n\t\t\t\t\t\t\t\t<\/div>\n\t\t\t\t<\/div>\n\t\t\t\t<\/div>\n\t\t\t\t\t<\/div>\n\t\t\t\t<\/div>\n\t\t<div class=\"elementor-element elementor-element-575cc19 e-flex e-con-boxed e-con e-parent\" data-id=\"575cc19\" data-element_type=\"container\" data-e-type=\"container\">\n\t\t\t\t\t<div class=\"e-con-inner\">\n\t\t<div class=\"elementor-element elementor-element-1f433a4 e-con-full e-flex e-con e-child\" data-id=\"1f433a4\" data-element_type=\"container\" data-e-type=\"container\">\n\t\t\t\t<div class=\"elementor-element elementor-element-a3b289d elementor-widget elementor-widget-text-editor\" data-id=\"a3b289d\" data-element_type=\"widget\" data-e-type=\"widget\" data-widget_type=\"text-editor.default\">\n\t\t\t\t<div class=\"elementor-widget-container\">\n\t\t\t\t\t\t\t\t\t<h2>Bolsena y su lago<\/h2>\n\t\t\t\t\t\t\t\t<\/div>\n\t\t\t\t<\/div>\n\t\t\t\t<\/div>\n\t\t\t\t\t<\/div>\n\t\t\t\t<\/div>\n\t\t<div class=\"elementor-element elementor-element-30dac51 e-flex e-con-boxed e-con e-parent\" data-id=\"30dac51\" data-element_type=\"container\" data-e-type=\"container\">\n\t\t\t\t\t<div class=\"e-con-inner\">\n\t\t<div class=\"elementor-element elementor-element-f42f7ec e-con-full e-flex e-con e-child\" data-id=\"f42f7ec\" data-element_type=\"container\" data-e-type=\"container\">\n\t\t\t\t<div class=\"elementor-element elementor-element-7713c16 elementor-widget elementor-widget-gallery\" data-id=\"7713c16\" data-element_type=\"widget\" data-e-type=\"widget\" data-settings=\"{&quot;columns&quot;:5,&quot;lazyload&quot;:&quot;yes&quot;,&quot;gallery_layout&quot;:&quot;grid&quot;,&quot;columns_tablet&quot;:2,&quot;columns_mobile&quot;:1,&quot;gap&quot;:{&quot;unit&quot;:&quot;px&quot;,&quot;size&quot;:10,&quot;sizes&quot;:[]},&quot;gap_tablet&quot;:{&quot;unit&quot;:&quot;px&quot;,&quot;size&quot;:10,&quot;sizes&quot;:[]},&quot;gap_mobile&quot;:{&quot;unit&quot;:&quot;px&quot;,&quot;size&quot;:10,&quot;sizes&quot;:[]},&quot;link_to&quot;:&quot;file&quot;,&quot;aspect_ratio&quot;:&quot;3:2&quot;,&quot;overlay_background&quot;:&quot;yes&quot;,&quot;content_hover_animation&quot;:&quot;fade-in&quot;}\" data-widget_type=\"gallery.default\">\n\t\t\t\t<div class=\"elementor-widget-container\">\n\t\t\t\t\t\t\t<div class=\"elementor-gallery__container\">\n\t\t\t\t\t\t\t<a class=\"e-gallery-item elementor-gallery-item elementor-animated-content\" href=\"https:\/\/ikostudio.it\/wp-content\/uploads\/2022\/04\/Bolsena-Fronte-Lago.webp\" data-elementor-open-lightbox=\"yes\" data-elementor-lightbox-slideshow=\"7713c16\" data-elementor-lightbox-title=\"Bolsena Frente Lago\" data-e-action-hash=\"#elementor-action%3Aaction%3Dlightbox%26settings%3DeyJpZCI6MjMzNjMsInVybCI6Imh0dHBzOlwvXC9pa29zdHVkaW8uaXRcL3dwLWNvbnRlbnRcL3VwbG9hZHNcLzIwMjJcLzA0XC9Cb2xzZW5hLUZyb250ZS1MYWdvLndlYnAiLCJzbGlkZXNob3ciOiI3NzEzYzE2In0%3D\">\n\t\t\t\t\t<div class=\"e-gallery-image elementor-gallery-item__image\" data-thumbnail=\"https:\/\/ikostudio.it\/wp-content\/uploads\/2022\/04\/Bolsena-Fronte-Lago-300x225.jpg\" data-width=\"300\" data-height=\"225\" aria-label=\"Bolsena Frente Lago\" role=\"img\" ><\/div>\n\t\t\t\t\t\t\t\t\t\t\t<div class=\"elementor-gallery-item__overlay\"><\/div>\n\t\t\t\t\t\t\t\t\t\t\t\t\t\t<\/a>\n\t\t\t\t\t\t\t<a class=\"e-gallery-item elementor-gallery-item elementor-animated-content\" href=\"https:\/\/ikostudio.it\/wp-content\/uploads\/2022\/04\/Castello-di-Bolsena.webp\" data-elementor-open-lightbox=\"yes\" data-elementor-lightbox-slideshow=\"7713c16\" data-elementor-lightbox-title=\"Castillo di Bolsena\" data-e-action-hash=\"#elementor-action%3Aaction%3Dlightbox%26settings%3DeyJpZCI6MjMzNjYsInVybCI6Imh0dHBzOlwvXC9pa29zdHVkaW8uaXRcL3dwLWNvbnRlbnRcL3VwbG9hZHNcLzIwMjJcLzA0XC9DYXN0ZWxsby1kaS1Cb2xzZW5hLndlYnAiLCJzbGlkZXNob3ciOiI3NzEzYzE2In0%3D\">\n\t\t\t\t\t<div class=\"e-gallery-image elementor-gallery-item__image\" data-thumbnail=\"https:\/\/ikostudio.it\/wp-content\/uploads\/2022\/04\/Castello-di-Bolsena-300x225.jpg\" data-width=\"300\" data-height=\"225\" aria-label=\"Castillo di Bolsena\" role=\"img\" ><\/div>\n\t\t\t\t\t\t\t\t\t\t\t<div class=\"elementor-gallery-item__overlay\"><\/div>\n\t\t\t\t\t\t\t\t\t\t\t\t\t\t<\/a>\n\t\t\t\t\t\t\t<a class=\"e-gallery-item elementor-gallery-item elementor-animated-content\" href=\"https:\/\/ikostudio.it\/wp-content\/uploads\/2022\/04\/Bolsena-Piazza.webp\" data-elementor-open-lightbox=\"yes\" data-elementor-lightbox-slideshow=\"7713c16\" data-elementor-lightbox-title=\"Bolsena Piazza\" data-e-action-hash=\"#elementor-action%3Aaction%3Dlightbox%26settings%3DeyJpZCI6MjMzNjksInVybCI6Imh0dHBzOlwvXC9pa29zdHVkaW8uaXRcL3dwLWNvbnRlbnRcL3VwbG9hZHNcLzIwMjJcLzA0XC9Cb2xzZW5hLVBpYXp6YS53ZWJwIiwic2xpZGVzaG93IjoiNzcxM2MxNiJ9\">\n\t\t\t\t\t<div class=\"e-gallery-image elementor-gallery-item__image\" data-thumbnail=\"https:\/\/ikostudio.it\/wp-content\/uploads\/2022\/04\/Bolsena-Piazza-300x225.jpg\" data-width=\"300\" data-height=\"225\" aria-label=\"Bolsena Piazza\" role=\"img\" ><\/div>\n\t\t\t\t\t\t\t\t\t\t\t<div class=\"elementor-gallery-item__overlay\"><\/div>\n\t\t\t\t\t\t\t\t\t\t\t\t\t\t<\/a>\n\t\t\t\t\t\t\t<a class=\"e-gallery-item elementor-gallery-item elementor-animated-content\" href=\"https:\/\/ikostudio.it\/wp-content\/uploads\/2022\/04\/Bolsena-Rocca-Monaldeschi-Castello.webp\" data-elementor-open-lightbox=\"yes\" data-elementor-lightbox-slideshow=\"7713c16\" data-elementor-lightbox-title=\"Bolsena Rocca Monaldeschi castillo\" data-e-action-hash=\"#elementor-action%3Aaction%3Dlightbox%26settings%3DeyJpZCI6MjMzNzIsInVybCI6Imh0dHBzOlwvXC9pa29zdHVkaW8uaXRcL3dwLWNvbnRlbnRcL3VwbG9hZHNcLzIwMjJcLzA0XC9Cb2xzZW5hLVJvY2NhLU1vbmFsZGVzY2hpLUNhc3RlbGxvLndlYnAiLCJzbGlkZXNob3ciOiI3NzEzYzE2In0%3D\">\n\t\t\t\t\t<div class=\"e-gallery-image elementor-gallery-item__image\" data-thumbnail=\"https:\/\/ikostudio.it\/wp-content\/uploads\/2022\/04\/Bolsena-Rocca-Monaldeschi-Castello-300x225.jpg\" data-width=\"300\" data-height=\"225\" aria-label=\"Bolsena Rocca Monaldeschi castillo\" role=\"img\" ><\/div>\n\t\t\t\t\t\t\t\t\t\t\t<div class=\"elementor-gallery-item__overlay\"><\/div>\n\t\t\t\t\t\t\t\t\t\t\t\t\t\t<\/a>\n\t\t\t\t\t\t\t<a class=\"e-gallery-item elementor-gallery-item elementor-animated-content\" href=\"https:\/\/ikostudio.it\/wp-content\/uploads\/2022\/04\/Lago-di-Bolsena-1.webp\" data-elementor-open-lightbox=\"yes\" data-elementor-lightbox-slideshow=\"7713c16\" data-elementor-lightbox-title=\"Lago de Bolsena\" data-e-action-hash=\"#elementor-action%3Aaction%3Dlightbox%26settings%3DeyJpZCI6MjMzNzUsInVybCI6Imh0dHBzOlwvXC9pa29zdHVkaW8uaXRcL3dwLWNvbnRlbnRcL3VwbG9hZHNcLzIwMjJcLzA0XC9MYWdvLWRpLUJvbHNlbmEtMS53ZWJwIiwic2xpZGVzaG93IjoiNzcxM2MxNiJ9\">\n\t\t\t\t\t<div class=\"e-gallery-image elementor-gallery-item__image\" data-thumbnail=\"https:\/\/ikostudio.it\/wp-content\/uploads\/2022\/04\/Lago-di-Bolsena-1-300x225.jpg\" data-width=\"300\" data-height=\"225\" aria-label=\"Lago de Bolsena\" role=\"img\" ><\/div>\n\t\t\t\t\t\t\t\t\t\t\t<div class=\"elementor-gallery-item__overlay\"><\/div>\n\t\t\t\t\t\t\t\t\t\t\t\t\t\t<\/a>\n\t\t\t\t\t\t\t<a class=\"e-gallery-item elementor-gallery-item elementor-animated-content\" href=\"https:\/\/ikostudio.it\/wp-content\/uploads\/2022\/04\/Bolsena-Lago-Porto.webp\" data-elementor-open-lightbox=\"yes\" data-elementor-lightbox-slideshow=\"7713c16\" data-elementor-lightbox-title=\"Lago de Bolsena Puerto\" data-e-action-hash=\"#elementor-action%3Aaction%3Dlightbox%26settings%3DeyJpZCI6MjMzNzgsInVybCI6Imh0dHBzOlwvXC9pa29zdHVkaW8uaXRcL3dwLWNvbnRlbnRcL3VwbG9hZHNcLzIwMjJcLzA0XC9Cb2xzZW5hLUxhZ28tUG9ydG8ud2VicCIsInNsaWRlc2hvdyI6Ijc3MTNjMTYifQ%3D%3D\">\n\t\t\t\t\t<div class=\"e-gallery-image elementor-gallery-item__image\" data-thumbnail=\"https:\/\/ikostudio.it\/wp-content\/uploads\/2022\/04\/Bolsena-Lago-Porto-300x225.jpg\" data-width=\"300\" data-height=\"225\" aria-label=\"Lago de Bolsena Puerto\" role=\"img\" ><\/div>\n\t\t\t\t\t\t\t\t\t\t\t<div class=\"elementor-gallery-item__overlay\"><\/div>\n\t\t\t\t\t\t\t\t\t\t\t\t\t\t<\/a>\n\t\t\t\t\t\t\t<a class=\"e-gallery-item elementor-gallery-item elementor-animated-content\" href=\"https:\/\/ikostudio.it\/wp-content\/uploads\/2022\/04\/Bolsena-Castello-Lago.webp\" data-elementor-open-lightbox=\"yes\" data-elementor-lightbox-slideshow=\"7713c16\" data-elementor-lightbox-title=\"Lago de Bolsena Castell\u00f3\" data-e-action-hash=\"#elementor-action%3Aaction%3Dlightbox%26settings%3DeyJpZCI6MjMzODEsInVybCI6Imh0dHBzOlwvXC9pa29zdHVkaW8uaXRcL3dwLWNvbnRlbnRcL3VwbG9hZHNcLzIwMjJcLzA0XC9Cb2xzZW5hLUNhc3RlbGxvLUxhZ28ud2VicCIsInNsaWRlc2hvdyI6Ijc3MTNjMTYifQ%3D%3D\">\n\t\t\t\t\t<div class=\"e-gallery-image elementor-gallery-item__image\" data-thumbnail=\"https:\/\/ikostudio.it\/wp-content\/uploads\/2022\/04\/Bolsena-Castello-Lago-300x225.jpg\" data-width=\"300\" data-height=\"225\" aria-label=\"Lago de Bolsena Castell\u00f3\" role=\"img\" ><\/div>\n\t\t\t\t\t\t\t\t\t\t\t<div class=\"elementor-gallery-item__overlay\"><\/div>\n\t\t\t\t\t\t\t\t\t\t\t\t\t\t<\/a>\n\t\t\t\t\t<\/div>\n\t\t\t\t\t<\/div>\n\t\t\t\t<\/div>\n\t\t\t\t<\/div>\n\t\t\t\t\t<\/div>\n\t\t\t\t<\/div>\n\t\t\t\t<\/div>\n\t\t","protected":false},"excerpt":{"rendered":"<p>Alojamiento para estudiantes El apartamento reservado para estudiantes de nuestros cursos de vitrales Ofrecemos a nuestros estudiantes la oportunidad de alojarse en un encantador apartamento hist\u00f3rico que data del a\u00f1o 1000, ubicado en el pueblo del castillo de Bolsena. Las dos ventanas de la casa ofrecen una vista impresionante del lago de Bolsena, de origen [&hellip;]<\/p>\n","protected":false},"author":3,"featured_media":0,"parent":1329,"menu_order":0,"comment_status":"closed","ping_status":"closed","template":"","meta":{"footnotes":""},"class_list":["post-23397","page","type-page","status-publish","hentry"],"_links":{"self":[{"href":"https:\/\/ikostudio.it\/es\/wp-json\/wp\/v2\/pages\/23397","targetHints":{"allow":["GET"]}}],"collection":[{"href":"https:\/\/ikostudio.it\/es\/wp-json\/wp\/v2\/pages"}],"about":[{"href":"https:\/\/ikostudio.it\/es\/wp-json\/wp\/v2\/types\/page"}],"author":[{"embeddable":true,"href":"https:\/\/ikostudio.it\/es\/wp-json\/wp\/v2\/users\/3"}],"replies":[{"embeddable":true,"href":"https:\/\/ikostudio.it\/es\/wp-json\/wp\/v2\/comments?post=23397"}],"version-history":[{"count":0,"href":"https:\/\/ikostudio.it\/es\/wp-json\/wp\/v2\/pages\/23397\/revisions"}],"up":[{"embeddable":true,"href":"https:\/\/ikostudio.it\/es\/wp-json\/wp\/v2\/pages\/1329"}],"wp:attachment":[{"href":"https:\/\/ikostudio.it\/es\/wp-json\/wp\/v2\/media?parent=23397"}],"curies":[{"name":"wp","href":"https:\/\/api.w.org\/{rel}","templated":true}]}}