{"id":19408,"date":"2019-11-27T15:02:55","date_gmt":"2019-11-27T15:02:55","guid":{"rendered":"http:\/\/ikostudio.it\/arquitectos-y-disenadores-de-interiores\/"},"modified":"2024-11-14T11:52:33","modified_gmt":"2024-11-14T11:52:33","slug":"arquitectos-y-disenadores-de-interiores","status":"publish","type":"page","link":"https:\/\/ikostudio.it\/es\/arquitectos-y-disenadores-de-interiores\/","title":{"rendered":"Arquitectos y dise\u00f1adores de interiores."},"content":{"rendered":"\t\t<div data-elementor-type=\"wp-post\" data-elementor-id=\"19408\" class=\"elementor elementor-19408 elementor-952\" data-elementor-post-type=\"page\">\n\t\t\t\t<div class=\"elementor-element elementor-element-948d280 e-con-full e-flex e-con e-parent\" data-id=\"948d280\" data-element_type=\"container\" data-e-type=\"container\" data-settings=\"{&quot;background_background&quot;:&quot;classic&quot;,&quot;background_motion_fx_motion_fx_scrolling&quot;:&quot;yes&quot;,&quot;background_motion_fx_translateY_effect&quot;:&quot;yes&quot;,&quot;background_motion_fx_translateY_speed&quot;:{&quot;unit&quot;:&quot;px&quot;,&quot;size&quot;:4,&quot;sizes&quot;:[]},&quot;background_motion_fx_translateY_affectedRange&quot;:{&quot;unit&quot;:&quot;%&quot;,&quot;size&quot;:&quot;&quot;,&quot;sizes&quot;:{&quot;start&quot;:0,&quot;end&quot;:100}},&quot;background_motion_fx_devices&quot;:[&quot;desktop&quot;,&quot;tablet&quot;,&quot;mobile&quot;]}\">\n\t\t\t\t<div class=\"elementor-element elementor-element-f90b93b elementor-widget elementor-widget-heading\" data-id=\"f90b93b\" data-element_type=\"widget\" data-e-type=\"widget\" data-widget_type=\"heading.default\">\n\t\t\t\t<div class=\"elementor-widget-container\">\n\t\t\t\t\t<h2 class=\"elementor-heading-title elementor-size-default\">decorar con colores y transparencia<\/h2>\t\t\t\t<\/div>\n\t\t\t\t<\/div>\n\t\t\t\t<\/div>\n\t\t<div class=\"elementor-element elementor-element-6c2bc25 e-flex e-con-boxed e-con e-parent\" data-id=\"6c2bc25\" data-element_type=\"container\" data-e-type=\"container\">\n\t\t\t\t\t<div class=\"e-con-inner\">\n\t\t<div class=\"elementor-element elementor-element-1ccf3fa e-con-full e-flex e-con e-child\" data-id=\"1ccf3fa\" data-element_type=\"container\" data-e-type=\"container\">\n\t\t\t\t<div class=\"elementor-element elementor-element-bb420a2 elementor-widget elementor-widget-text-editor\" data-id=\"bb420a2\" data-element_type=\"widget\" data-e-type=\"widget\" data-widget_type=\"text-editor.default\">\n\t\t\t\t<div class=\"elementor-widget-container\">\n\t\t\t\t\t\t\t\t\t<p><strong><span style=\"color: #588fb7;\">Vitrales para iglesias y otros lugares de culto, edificios p\u00fablicos, hoteles y casas particulares, particiones, tragaluces, falsos techos retroiluminados, l\u00e1mparas, mesas y paneles \u00fanicos, IKO Studio estar\u00e1 encantado de desarrollar su proyecto.<\/span><\/strong><\/p>\n<p>Los arquitectos y dise\u00f1adores de interiores pueden incorporar vitrales en cualquier proyecto de dise\u00f1o de interiores e Iko puede ofrecer elegancia, estilo y color a su proyecto.<\/p>\n<p>Creamos artesanalmente, ventanas, puertas, tragaluces, particiones, paneles de luz, l\u00e1mparas de pared o de mesa.<\/p>\n<p><span style=\"color: #588fb7;\"><strong>Tratamos a nuestros clientes, involucr\u00e1ndolos por completo en el dise\u00f1o, lo mantendremos actualizado con fotograf\u00edas sobre el progreso del trabajo, respetamos los tiempos de entrega y el presupuesto acordado.<\/strong><\/span><\/p>\n\t\t\t\t\t\t\t\t<\/div>\n\t\t\t\t<\/div>\n\t\t\t\t<\/div>\n\t\t<div class=\"elementor-element elementor-element-86792ba e-con-full e-flex e-con e-child\" data-id=\"86792ba\" data-element_type=\"container\" data-e-type=\"container\">\n\t\t\t\t<div class=\"elementor-element elementor-element-0dca2d8 uael-post__link-complete-yes elementor-widget elementor-widget-uael-posts\" data-id=\"0dca2d8\" data-element_type=\"widget\" data-e-type=\"widget\" data-settings=\"{&quot;classic_slides_to_show&quot;:1,&quot;classic_slides_to_show_tablet&quot;:1,&quot;classic_slides_to_show_mobile&quot;:1,&quot;classic_show_filters&quot;:&quot;no&quot;}\" data-widget_type=\"uael-posts.classic\">\n\t\t\t\t<div class=\"elementor-widget-container\">\n\t\t\t\t\t\t\t<div class=\"uael-post__header\">\n\t\t\t\t\t<\/div>\n\t\t<div class=\"uael-post__body\">\n\t\t\t\n\t\t\n\t\t<div class=\"uael-blog-terms-position- uael-post-image-background uael-post-grid uael-posts\" data-query-type=\"custom\" data-structure=\"normal\" data-layout=\"\" data-page=\"19408\" data-skin=\"classic\" data-filter-default=\"\" data-offset-top=\"30\" >\n\n\t\t\t\t\t\t\t<div class=\"uael-post-grid__inner uael-post__columns-1 uael-post__columns-tablet-1 uael-post__columns-mobile-1\">\n\t\t\t\n<div class=\"uael-post-wrapper   \">\n\t<div class=\"uael-post__bg-wrap uael-bg-wrap-disabled \">\n\n\t\t\t\t\t<a href=\"https:\/\/ikostudio.it\/es\/lamparas\/\" target=\"_blank\" class=\"uael-post__complete-box-overlay\" aria-label=\"Caja de enlace completa\"><\/a>\n\t\t\t\t\n\t\t<div class=\"uael-post__inner-wrap uael-inner-wrap-disabled\">\n\n\t\t\t\t<div class=\"uael-post__thumbnail\">\n\t\t\t\n\t\t\t<a href=\"https:\/\/ikostudio.it\/es\/lamparas\/\" target=\"_self\" title=\"Lamparas\"><img decoding=\"async\" width=\"300\" height=\"153\" src=\"https:\/\/ikostudio.it\/wp-content\/uploads\/2020\/07\/Lampade-IKO-Studio-300x153.jpg\" class=\"attachment-medium size-medium wp-image-21614\" alt=\"Lamparas IKO Studio\" srcset=\"https:\/\/ikostudio.it\/wp-content\/uploads\/2020\/07\/Lampade-IKO-Studio-300x153.jpg 300w, https:\/\/ikostudio.it\/wp-content\/uploads\/2020\/07\/Lampade-IKO-Studio-768x392.jpg 768w, https:\/\/ikostudio.it\/wp-content\/uploads\/2020\/07\/Lampade-IKO-Studio.jpg 980w\" sizes=\"(max-width: 300px) 100vw, 300px\" \/><\/a>\n\t\t\t\t\t<\/div>\n\t\t\n\t\t\t\n\t\t\t<div class=\"uael-post__content-wrap uael-content-wrap-disabled\">\n\t\t\t\t\t<h3 class=\"uael-post__title\">\n\n\t\t\n\t\t\t\t\t\t<a href=\"https:\/\/ikostudio.it\/es\/lamparas\/\" target=\"_self\">\n\t\t\t\tLamparas\t\t\t<\/a>\n\n\t\t\t\t<\/h3>\n\t\t\t\t\t<div class=\"uael-post__meta-data\">\n\t\t\t\t\t<\/div>\n\t\t\n\t\t<div class=\"uael-post__excerpt\">\n\t\t\tCada casa tiene su peculiar y particular necesidad de luz, no solo por razones funcionales, sino para crear una especial ambientaci\u00f3n que influye incluso en ...\t\t<\/div>\n\n\t\t\t\t\t<a class=\"uael-post__read-more elementor-button\" href=\"https:\/\/ikostudio.it\/es\/lamparas\/\" target=\"_self\" aria-labelledby=\"uael-post-1328\">\n\t\t\t\t\t<span class=\"elementor-button-content-wrapper\">\n\t\t\t\t\t\t\t\t\t\t\t\t\t\t<span class=\"elementor-button-icon elementor-align-icon-left\">\n\n\t\t\t\t\t\t\t\t\t\n\t\t\t\t\t\t\t\t<\/span>\n\t\t\t\t\t\t\t\t\t\t\t\t\t\n\t\t\t\t\t\t<span class=\"elementor-button-text\" id=uael-post-1328>Leer m\u00e1s \u2192<\/span>\n\t\t\t\t\t<\/span>\n\t\t\t\t<\/a>\n\t\t\t\t\t\t<\/div>\n\t\t\t\n\t\t<\/div>\n\t\t\n\t<\/div>\n\n<\/div>\n\t\t\t\t<\/div>\n\t\t\t\t\t\t\n\t\t<\/div>\n\n\t\t\t\t\t\t<\/div>\n\t\t<div class=\"uael-post__footer\">\n\t\t\t\t\t<\/div>\n\t\t\t\t\t\t<\/div>\n\t\t\t\t<\/div>\n\t\t\t\t<div class=\"elementor-element elementor-element-bb52138 elementor-widget elementor-widget-text-editor\" data-id=\"bb52138\" data-element_type=\"widget\" data-e-type=\"widget\" data-widget_type=\"text-editor.default\">\n\t\t\t\t<div class=\"elementor-widget-container\">\n\t\t\t\t\t\t\t\t\t<p>Los arquitectos y dise\u00f1adores de interiores pueden incorporar vitrales en cualquier proyecto de dise\u00f1o de interiores e Iko puede ofrecer elegancia, estilo y color a su proyecto.<\/p>\n<p>&nbsp;<\/p>\n<p>Creiamo artigianalmente, finestre, porte, lucernari,\u00a0 divisori, pannelli luminosi, lanterne, lampade a muro o da tavolo<\/p>\n\t\t\t\t\t\t\t\t<\/div>\n\t\t\t\t<\/div>\n\t\t\t\t<\/div>\n\t\t\t\t\t<\/div>\n\t\t\t\t<\/div>\n\t\t<div class=\"elementor-element elementor-element-1f56bd5 e-flex e-con-boxed e-con e-parent\" data-id=\"1f56bd5\" data-element_type=\"container\" data-e-type=\"container\" data-settings=\"{&quot;background_background&quot;:&quot;classic&quot;}\">\n\t\t\t\t\t<div class=\"e-con-inner\">\n\t\t<div class=\"elementor-element elementor-element-a28af40 e-con-full e-flex e-con e-child\" data-id=\"a28af40\" data-element_type=\"container\" data-e-type=\"container\">\n\t\t\t\t<div class=\"elementor-element elementor-element-4431fff uael-ins-normal uael-img-carousel-arrow-outside elementor-widget elementor-widget-uael-image-gallery\" data-id=\"4431fff\" data-element_type=\"widget\" data-e-type=\"widget\" data-settings=\"{&quot;slides_to_show&quot;:3,&quot;slides_to_scroll&quot;:3,&quot;slides_to_show_tablet&quot;:3,&quot;slides_to_show_mobile&quot;:2,&quot;slides_to_scroll_tablet&quot;:1,&quot;slides_to_scroll_mobile&quot;:1,&quot;column_gap&quot;:{&quot;unit&quot;:&quot;px&quot;,&quot;size&quot;:20,&quot;sizes&quot;:[]},&quot;column_gap_tablet&quot;:{&quot;unit&quot;:&quot;px&quot;,&quot;size&quot;:&quot;&quot;,&quot;sizes&quot;:[]},&quot;column_gap_mobile&quot;:{&quot;unit&quot;:&quot;px&quot;,&quot;size&quot;:&quot;&quot;,&quot;sizes&quot;:[]}}\" data-widget_type=\"uael-image-gallery.default\">\n\t\t\t\t<div class=\"elementor-widget-container\">\n\t\t\t\t\t<div class=\"uael-gallery-parent uael-caption- uael-gallery-unjustified\"><div data-image_carousel=\"{&quot;slidesToShow&quot;:3,&quot;slidesToScroll&quot;:3,&quot;autoplaySpeed&quot;:5000,&quot;autoplay&quot;:true,&quot;infinite&quot;:true,&quot;pauseOnHover&quot;:false,&quot;speed&quot;:3000,&quot;arrows&quot;:true,&quot;dots&quot;:false,&quot;rtl&quot;:false,&quot;responsive&quot;:[{&quot;breakpoint&quot;:1024,&quot;settings&quot;:{&quot;slidesToShow&quot;:3,&quot;slidesToScroll&quot;:1}},{&quot;breakpoint&quot;:767,&quot;settings&quot;:{&quot;slidesToShow&quot;:2,&quot;slidesToScroll&quot;:1}}]}\" class=\"uael-img-gallery-wrap uael-img-carousel-wrap uael-nav-arrows uael-image-lightbox-wrap\" data-filter-default=\"Toda\" data-lightbox_actions=\"[&quot;close&quot;]\" data-lightbox-gallery-loop=\"\"><div class=\"uael-grid-item  uael-img-gallery-item-1\"><div class=\"uael-grid-item-content\"><a class=\"uael-grid-img uael-grid-gallery-img uael-ins-hover elementor-clickable\" data-fancybox=\"uael-gallery\" href=\"https:\/\/ikostudio.it\/wp-content\/uploads\/2019\/08\/Trifora-per-Venezia-Sala.webp\" data-elementor-open-lightbox=\"no\"><div class=\"uael-grid-img-thumbnail uael-ins-target\"><img decoding=\"async\" src=\"https:\/\/ikostudio.it\/wp-content\/uploads\/elementor\/thumbs\/Trifora-per-Venezia-Sala-rdte40fn7bjr3k285m7lwih3b7154dp85zyjtcgdjc.webp\" title=\"Stained Glass for Venice Hall\" alt=\"Stained Glass for Venice Hall\" loading=\"lazy\" \/><\/div><div class=\"uael-grid-img-overlay\"><\/div><\/a><\/div><\/div><div class=\"uael-grid-item  uael-img-gallery-item-4\"><div class=\"uael-grid-item-content\"><a class=\"uael-grid-img uael-grid-gallery-img uael-ins-hover elementor-clickable\" data-fancybox=\"uael-gallery\" href=\"https:\/\/ikostudio.it\/wp-content\/uploads\/2019\/08\/Vetrate-Monaci-Benedettini-di-Norcia-Piombo.webp\" data-elementor-open-lightbox=\"no\"><div class=\"uael-grid-img-thumbnail uael-ins-target\"><img decoding=\"async\" src=\"https:\/\/ikostudio.it\/wp-content\/uploads\/elementor\/thumbs\/Vetrate-Monaci-Benedettini-di-Norcia-Piombo-rdte40fn7bjr3k285m7lwih3b7154dp85zyjtcgdjc.webp\" title=\"Vetrate Monaci Benedettini di Norcia Piombo\" alt=\"Vetrate Monaci Benedettini di Norcia Piombo\" loading=\"lazy\" \/><\/div><div class=\"uael-grid-img-overlay\"><\/div><\/a><\/div><\/div><div class=\"uael-grid-item  uael-img-gallery-item-6\"><div class=\"uael-grid-item-content\"><a class=\"uael-grid-img uael-grid-gallery-img uael-ins-hover elementor-clickable\" data-fancybox=\"uael-gallery\" href=\"https:\/\/ikostudio.it\/wp-content\/uploads\/2019\/08\/Lampada-Specchio-Bagno.webp\" data-elementor-open-lightbox=\"no\"><div class=\"uael-grid-img-thumbnail uael-ins-target\"><img decoding=\"async\" src=\"https:\/\/ikostudio.it\/wp-content\/uploads\/elementor\/thumbs\/Lampada-Specchio-Bagno-rdte40fn7bjr3k285m7lwih3b7154dp85zyjtcgdjc.webp\" title=\"Lampada Specchio Bagno\" alt=\"Lampada Specchio Bagno\" loading=\"lazy\" \/><\/div><div class=\"uael-grid-img-overlay\"><\/div><\/a><\/div><\/div><div class=\"uael-grid-item  uael-img-gallery-item-7\"><div class=\"uael-grid-item-content\"><a class=\"uael-grid-img uael-grid-gallery-img uael-ins-hover elementor-clickable\" data-fancybox=\"uael-gallery\" href=\"https:\/\/ikostudio.it\/wp-content\/uploads\/2019\/08\/Vetrata-A-Piombo-Deco.webp\" data-elementor-open-lightbox=\"no\"><div class=\"uael-grid-img-thumbnail uael-ins-target\"><img decoding=\"async\" src=\"https:\/\/ikostudio.it\/wp-content\/uploads\/elementor\/thumbs\/Vetrata-A-Piombo-Deco-rdte40fn7bjr3k285m7lwih3b7154dp85zyjtcgdjc.webp\" title=\"Vetrata A Piombo Deco\" alt=\"Vetrata A Piombo Deco\" loading=\"lazy\" \/><\/div><div class=\"uael-grid-img-overlay\"><\/div><\/a><\/div><\/div><div class=\"uael-grid-item  uael-img-gallery-item-2\"><div class=\"uael-grid-item-content\"><a class=\"uael-grid-img uael-grid-gallery-img uael-ins-hover elementor-clickable\" data-fancybox=\"uael-gallery\" href=\"https:\/\/ikostudio.it\/wp-content\/uploads\/2019\/08\/Trifora-Per-Venezia-sm.webp\" data-elementor-open-lightbox=\"no\"><div class=\"uael-grid-img-thumbnail uael-ins-target\"><img decoding=\"async\" src=\"https:\/\/ikostudio.it\/wp-content\/uploads\/elementor\/thumbs\/Trifora-Per-Venezia-sm-rdte41dhe5l1f60v04m8h08jwkwic2syi4m1amezd4.webp\" title=\"Vetrata Artistica Venezia\" alt=\"Vetrata Artistica Venezia\" loading=\"lazy\" \/><\/div><div class=\"uael-grid-img-overlay\"><\/div><\/a><\/div><\/div><div class=\"uael-grid-item  uael-img-gallery-item-3\"><div class=\"uael-grid-item-content\"><a class=\"uael-grid-img uael-grid-gallery-img uael-ins-hover elementor-clickable\" data-fancybox=\"uael-gallery\" href=\"https:\/\/ikostudio.it\/wp-content\/uploads\/2019\/08\/Vetrata-Gotica-ad-Arco.webp\" data-elementor-open-lightbox=\"no\"><div class=\"uael-grid-img-thumbnail uael-ins-target\"><img decoding=\"async\" src=\"https:\/\/ikostudio.it\/wp-content\/uploads\/elementor\/thumbs\/Vetrata-Gotica-ad-Arco-rdte40fn7bjr3k285m7lwih3b7154dp85zyjtcgdjc.webp\" title=\"Vetrata a Piombo Gotica IKO Studio\" alt=\"Vetrata a Piombo Gotica IKO Studio\" loading=\"lazy\" \/><\/div><div class=\"uael-grid-img-overlay\"><\/div><\/a><\/div><\/div><div class=\"uael-grid-item  uael-img-gallery-item-5\"><div class=\"uael-grid-item-content\"><a class=\"uael-grid-img uael-grid-gallery-img uael-ins-hover elementor-clickable\" data-fancybox=\"uael-gallery\" href=\"https:\/\/ikostudio.it\/wp-content\/uploads\/2019\/08\/IKO-Studio-al-Lavoro.webp\" data-elementor-open-lightbox=\"no\"><div class=\"uael-grid-img-thumbnail uael-ins-target\"><img decoding=\"async\" src=\"https:\/\/ikostudio.it\/wp-content\/uploads\/elementor\/thumbs\/IKO-Studio-al-Lavoro-rdte40fn7bjr3k285m7lwih3b7154dp85zyjtcgdjc.webp\" title=\"IKO Studio Stained Glass at work\" alt=\"IKO Studio al Lavoro\" loading=\"lazy\" \/><\/div><div class=\"uael-grid-img-overlay\"><\/div><\/a><\/div><\/div><\/div><\/div>\t\t\t\t<\/div>\n\t\t\t\t<\/div>\n\t\t\t\t<\/div>\n\t\t\t\t\t<\/div>\n\t\t\t\t<\/div>\n\t\t<div class=\"elementor-element elementor-element-87dcf25 e-flex e-con-boxed e-con e-parent\" data-id=\"87dcf25\" data-element_type=\"container\" data-e-type=\"container\">\n\t\t\t\t\t<div class=\"e-con-inner\">\n\t\t<div class=\"elementor-element elementor-element-05b6466 e-con-full e-flex e-con e-child\" data-id=\"05b6466\" data-element_type=\"container\" data-e-type=\"container\">\n\t\t\t\t<div class=\"elementor-element elementor-element-45e8638 elementor-widget elementor-widget-heading\" data-id=\"45e8638\" data-element_type=\"widget\" data-e-type=\"widget\" data-widget_type=\"heading.default\">\n\t\t\t\t<div class=\"elementor-widget-container\">\n\t\t\t\t\t<h2 class=\"elementor-heading-title elementor-size-default\">Calidad IKO Studio<\/h2>\t\t\t\t<\/div>\n\t\t\t\t<\/div>\n\t\t\t\t<div class=\"elementor-element elementor-element-67fe524 elementor-widget elementor-widget-text-editor\" data-id=\"67fe524\" data-element_type=\"widget\" data-e-type=\"widget\" data-widget_type=\"text-editor.default\">\n\t\t\t\t<div class=\"elementor-widget-container\">\n\t\t\t\t\t\t\t\t\t<div class=\"elementor-column elementor-col-50 elementor-top-column elementor-element elementor-element-c09eb15\" data-id=\"c09eb15\" data-element_type=\"column\">\n<div class=\"elementor-widget-wrap elementor-element-populated\">\n<div class=\"elementor-element elementor-element-e783ee6 elementor-widget elementor-widget-text-editor\" data-id=\"e783ee6\" data-element_type=\"widget\" data-widget_type=\"text-editor.default\">\n<div class=\"elementor-widget-container\">\n<p>Utilizamos el mejor vidrio del mercado y, cuando es posible, alentamos a nuestros clientes a elegir vidrio soplado en la placa. El \u00fanico tipo de vidrio que ofrece una amplia gama de colores y tonos.<\/p>\n<\/div>\n<\/div>\n<\/div>\n<\/div>\n<p>Podemos ofrecer, en colaboraci\u00f3n con t\u00e9cnicos del sector o directamente con los clientes, bocetos originales en varios estilos, todos ellos realizados con la t\u00e9cnica del vitral art\u00edstico.<\/p>\n<p>Cada uno de nuestros bocetos es singularmente original para cada proyecto individual, est\u00e1 creado con t\u00e9cnicas digitales o dibujado a mano y pintado en acuarela: los colores que m\u00e1s se acercan a la transparencia del vidrio.<\/p>\n<p>Para m\u00e1s informaci\u00f3n sobre el proceso de fabricaci\u00f3n consultar la p\u00e1gina \u00ab<a href=\"https:\/\/ikostudio.it\/es\/cursos-de-vitral-artistico\/la-tecnica-di-un-vitral\/\" target=\"_blank\" rel=\"noopener\">T\u00e9cnica<\/a>\u00ab.<\/p>\n\t\t\t\t\t\t\t\t<\/div>\n\t\t\t\t<\/div>\n\t\t\t\t<\/div>\n\t\t<div class=\"elementor-element elementor-element-b3f29f2 e-con-full e-flex e-con e-child\" data-id=\"b3f29f2\" data-element_type=\"container\" data-e-type=\"container\">\n\t\t\t\t<div class=\"elementor-element elementor-element-71868d4 elementor-widget elementor-widget-video\" data-id=\"71868d4\" data-element_type=\"widget\" data-e-type=\"widget\" data-settings=\"{&quot;youtube_url&quot;:&quot;https:\\\/\\\/www.youtube.com\\\/watch?v=R9OI6tcnmBg&quot;,&quot;start&quot;:17,&quot;autoplay&quot;:&quot;yes&quot;,&quot;mute&quot;:&quot;yes&quot;,&quot;yt_privacy&quot;:&quot;yes&quot;,&quot;show_image_overlay&quot;:&quot;yes&quot;,&quot;image_overlay&quot;:{&quot;url&quot;:&quot;https:\\\/\\\/ikostudio.it\\\/wp-content\\\/uploads\\\/2019\\\/08\\\/Detail-Islamic-stained-glass-2.jpg&quot;,&quot;id&quot;:1481,&quot;size&quot;:&quot;&quot;},&quot;lightbox&quot;:&quot;yes&quot;,&quot;video_type&quot;:&quot;youtube&quot;,&quot;controls&quot;:&quot;yes&quot;}\" data-widget_type=\"video.default\">\n\t\t\t\t<div class=\"elementor-widget-container\">\n\t\t\t\t\t\t\t<div class=\"elementor-wrapper elementor-open-lightbox\">\n\t\t\t\t\t\t\t<div class=\"elementor-custom-embed-image-overlay\" data-elementor-open-lightbox=\"yes\" data-elementor-lightbox=\"{&quot;type&quot;:&quot;video&quot;,&quot;videoType&quot;:&quot;youtube&quot;,&quot;url&quot;:&quot;https:\\\/\\\/www.youtube-nocookie.com\\\/embed\\\/R9OI6tcnmBg?feature=oembed&amp;start=17&amp;end&amp;wmode=opaque&amp;loop=0&amp;controls=1&amp;mute=1&amp;rel=0&amp;cc_load_policy=0&quot;,&quot;autoplay&quot;:&quot;yes&quot;,&quot;modalOptions&quot;:{&quot;id&quot;:&quot;elementor-lightbox-71868d4&quot;,&quot;entranceAnimation&quot;:&quot;&quot;,&quot;entranceAnimation_tablet&quot;:&quot;&quot;,&quot;entranceAnimation_mobile&quot;:&quot;&quot;,&quot;videoAspectRatio&quot;:&quot;169&quot;}}\" data-e-action-hash=\"#elementor-action%3Aaction%3Dlightbox%26settings%3DeyJ0eXBlIjoidmlkZW8iLCJ2aWRlb1R5cGUiOiJ5b3V0dWJlIiwidXJsIjoiaHR0cHM6XC9cL3d3dy55b3V0dWJlLW5vY29va2llLmNvbVwvZW1iZWRcL1I5T0k2dGNubUJnP2ZlYXR1cmU9b2VtYmVkJnN0YXJ0PTE3JmVuZCZ3bW9kZT1vcGFxdWUmbG9vcD0wJmNvbnRyb2xzPTEmbXV0ZT0xJnJlbD0wJmNjX2xvYWRfcG9saWN5PTAiLCJhdXRvcGxheSI6InllcyIsIm1vZGFsT3B0aW9ucyI6eyJpZCI6ImVsZW1lbnRvci1saWdodGJveC03MTg2OGQ0IiwiZW50cmFuY2VBbmltYXRpb24iOiIiLCJlbnRyYW5jZUFuaW1hdGlvbl90YWJsZXQiOiIiLCJlbnRyYW5jZUFuaW1hdGlvbl9tb2JpbGUiOiIiLCJ2aWRlb0FzcGVjdFJhdGlvIjoiMTY5In19\">\n\t\t\t\t\t\t\t\t\t\t\t<img fetchpriority=\"high\" decoding=\"async\" width=\"300\" height=\"169\" src=\"https:\/\/ikostudio.it\/wp-content\/uploads\/2019\/08\/Detail-Islamic-stained-glass-2-300x169.jpg\" class=\"attachment-medium size-medium wp-image-1481\" alt=\"particolare delle linee a grisaglia di una vetrata artistica in stile arabo\" srcset=\"https:\/\/ikostudio.it\/wp-content\/uploads\/2019\/08\/Detail-Islamic-stained-glass-2-300x169.jpg 300w, https:\/\/ikostudio.it\/wp-content\/uploads\/2019\/08\/Detail-Islamic-stained-glass-2.jpg 640w\" sizes=\"(max-width: 300px) 100vw, 300px\" \/>\t\t\t\t\t\t\t\t\t\t\t\t\t\t\t\t<div class=\"elementor-custom-embed-play\" role=\"button\" aria-label=\"Reproducir v\u00eddeo\" tabindex=\"0\">\n\t\t\t\t\t\t\t<svg aria-hidden=\"true\" class=\"e-font-icon-svg e-eicon-play\" viewBox=\"0 0 1000 1000\" xmlns=\"http:\/\/www.w3.org\/2000\/svg\"><path d=\"M838 162C746 71 633 25 500 25 371 25 258 71 163 162 71 254 25 367 25 500 25 633 71 746 163 837 254 929 367 979 500 979 633 979 746 933 838 837 929 746 975 633 975 500 975 367 929 254 838 162M808 192C892 279 933 379 933 500 933 621 892 725 808 808 725 892 621 938 500 938 379 938 279 896 196 808 113 725 67 621 67 500 67 379 108 279 196 192 279 108 383 62 500 62 621 62 721 108 808 192M438 392V642L642 517 438 392Z\"><\/path><\/svg>\t\t\t\t\t\t<\/div>\n\t\t\t\t\t\t\t\t\t<\/div>\n\t\t\t\t\t<\/div>\n\t\t\t\t\t\t<\/div>\n\t\t\t\t<\/div>\n\t\t\t\t<\/div>\n\t\t\t\t\t<\/div>\n\t\t\t\t<\/div>\n\t\t<div class=\"elementor-element elementor-element-9f0aa4b e-flex e-con-boxed e-con e-parent\" data-id=\"9f0aa4b\" data-element_type=\"container\" data-e-type=\"container\">\n\t\t\t\t\t<div class=\"e-con-inner\">\n\t\t<div class=\"elementor-element elementor-element-1107d3f e-con-full e-flex e-con e-child\" data-id=\"1107d3f\" data-element_type=\"container\" data-e-type=\"container\">\n\t\t\t\t<div class=\"elementor-element elementor-element-39bc416 elementor-widget elementor-widget-image\" data-id=\"39bc416\" data-element_type=\"widget\" data-e-type=\"widget\" data-widget_type=\"image.default\">\n\t\t\t\t<div class=\"elementor-widget-container\">\n\t\t\t\t\t\t\t\t\t\t\t\t\t\t\t<img decoding=\"async\" width=\"533\" height=\"400\" src=\"https:\/\/ikostudio.it\/wp-content\/uploads\/2019\/08\/Abuja0002.jpg\" class=\"attachment-large size-large wp-image-521\" alt=\"\" srcset=\"https:\/\/ikostudio.it\/wp-content\/uploads\/2019\/08\/Abuja0002.jpg 533w, https:\/\/ikostudio.it\/wp-content\/uploads\/2019\/08\/Abuja0002-300x225.jpg 300w\" sizes=\"(max-width: 533px) 100vw, 533px\" \/>\t\t\t\t\t\t\t\t\t\t\t\t\t\t\t<\/div>\n\t\t\t\t<\/div>\n\t\t\t\t<\/div>\n\t\t<div class=\"elementor-element elementor-element-0731025 e-con-full e-flex e-con e-child\" data-id=\"0731025\" data-element_type=\"container\" data-e-type=\"container\">\n\t\t\t\t<div class=\"elementor-element elementor-element-180a544 elementor-widget elementor-widget-text-editor\" data-id=\"180a544\" data-element_type=\"widget\" data-e-type=\"widget\" data-widget_type=\"text-editor.default\">\n\t\t\t\t<div class=\"elementor-widget-container\">\n\t\t\t\t\t\t\t\t\t<p>La fase de procesamiento se documenta regularmente con fotograf\u00edas para mantener al cliente informado sobre el progreso del trabajo.<\/p>\n<p>Nuestro estudio trabaja en colaboraci\u00f3n con artistas y artesanos experimentados para poder llevar a cabo diversos tipos de proyectos. Tambi\u00e9n trabajamos con otros colegas para crear equipos para cumplir proyectos a gran escala.<\/p>\n<p>Podemos insertar nuestros vitrales en acristalamiento m\u00faltiple, para ofrecer aislamiento t\u00e9rmico y ac\u00fastico, personalmente nos encargamos del embalaje y los env\u00edos en cajas de madera espec\u00edficas. Bajo pedido, podemos encargarnos de la realizaci\u00f3n de marcos de hierro o madera, el suministro de vidrio laminado<br \/>\ny nos encargamos de la instalaci\u00f3n donde sea necesario.<\/p>\n<p>Sabemos en un proyecto lo importante que es respetar la fecha de entrega, por lo que comunicamos claramente los tiempos de procesamiento al cumplir con nuestras obligaciones a tiempo.<\/p>\n<p>Lee nuestra <a href=\"https:\/\/ikostudio.it\/es\/precio-de-un-vitral-artistico\/\" target=\"_blank\" rel=\"noopener\">gu\u00eda de precios<\/a>.<\/p>\n\t\t\t\t\t\t\t\t<\/div>\n\t\t\t\t<\/div>\n\t\t\t\t<\/div>\n\t\t\t\t\t<\/div>\n\t\t\t\t<\/div>\n\t\t\t\t<\/div>\n\t\t","protected":false},"excerpt":{"rendered":"<p>decorar con colores y transparencia Vitrales para iglesias y otros lugares de culto, edificios p\u00fablicos, hoteles y casas particulares, particiones, tragaluces, falsos techos retroiluminados, l\u00e1mparas, mesas y paneles \u00fanicos, IKO Studio estar\u00e1 encantado de desarrollar su proyecto. Los arquitectos y dise\u00f1adores de interiores pueden incorporar vitrales en cualquier proyecto de dise\u00f1o de interiores e Iko [&hellip;]<\/p>\n","protected":false},"author":3,"featured_media":512,"parent":0,"menu_order":0,"comment_status":"closed","ping_status":"closed","template":"elementor_header_footer","meta":{"footnotes":""},"class_list":["post-19408","page","type-page","status-publish","has-post-thumbnail","hentry"],"_links":{"self":[{"href":"https:\/\/ikostudio.it\/es\/wp-json\/wp\/v2\/pages\/19408","targetHints":{"allow":["GET"]}}],"collection":[{"href":"https:\/\/ikostudio.it\/es\/wp-json\/wp\/v2\/pages"}],"about":[{"href":"https:\/\/ikostudio.it\/es\/wp-json\/wp\/v2\/types\/page"}],"author":[{"embeddable":true,"href":"https:\/\/ikostudio.it\/es\/wp-json\/wp\/v2\/users\/3"}],"replies":[{"embeddable":true,"href":"https:\/\/ikostudio.it\/es\/wp-json\/wp\/v2\/comments?post=19408"}],"version-history":[{"count":0,"href":"https:\/\/ikostudio.it\/es\/wp-json\/wp\/v2\/pages\/19408\/revisions"}],"wp:featuredmedia":[{"embeddable":true,"href":"https:\/\/ikostudio.it\/es\/wp-json\/wp\/v2\/media\/512"}],"wp:attachment":[{"href":"https:\/\/ikostudio.it\/es\/wp-json\/wp\/v2\/media?parent=19408"}],"curies":[{"name":"wp","href":"https:\/\/api.w.org\/{rel}","templated":true}]}}