{"id":1333,"date":"2014-06-13T00:00:00","date_gmt":"2014-06-13T00:00:00","guid":{"rendered":"http:\/\/ikostudio.it\/index.php\/cursos-de-vitral-tiffany\/"},"modified":"2024-12-11T15:16:18","modified_gmt":"2024-12-11T15:16:18","slug":"curso-de-vitrales-tiffany","status":"publish","type":"page","link":"https:\/\/ikostudio.it\/es\/cursos-de-vitrales-artisticos\/curso-de-vitrales-tiffany\/","title":{"rendered":"Curso de Vitrales Tiffany"},"content":{"rendered":"\t\t<div data-elementor-type=\"wp-post\" data-elementor-id=\"1333\" class=\"elementor elementor-1333 elementor-898\" data-elementor-post-type=\"page\">\n\t\t\t\t<div class=\"elementor-element elementor-element-2003eca e-flex e-con-boxed e-con e-parent\" data-id=\"2003eca\" data-element_type=\"container\" data-e-type=\"container\" data-settings=\"{&quot;background_background&quot;:&quot;classic&quot;}\">\n\t\t\t\t\t<div class=\"e-con-inner\">\n\t\t\t\t<div class=\"elementor-element elementor-element-18833ce elementor-widget elementor-widget-heading\" data-id=\"18833ce\" data-element_type=\"widget\" data-e-type=\"widget\" data-widget_type=\"heading.default\">\n\t\t\t\t<div class=\"elementor-widget-container\">\n\t\t\t\t\t<h2 class=\"elementor-heading-title elementor-size-default\">Curso de Vitrales Tiffany<\/h2>\t\t\t\t<\/div>\n\t\t\t\t<\/div>\n\t\t\t\t\t<\/div>\n\t\t\t\t<\/div>\n\t\t<div class=\"elementor-element elementor-element-63adf26 e-flex e-con-boxed e-con e-parent\" data-id=\"63adf26\" data-element_type=\"container\" data-e-type=\"container\">\n\t\t\t\t\t<div class=\"e-con-inner\">\n\t\t<div class=\"elementor-element elementor-element-57cecdb e-con-full e-flex e-con e-child\" data-id=\"57cecdb\" data-element_type=\"container\" data-e-type=\"container\">\n\t\t<div class=\"elementor-element elementor-element-150e604 e-con-full e-flex e-con e-child\" data-id=\"150e604\" data-element_type=\"container\" data-e-type=\"container\">\n\t\t<div class=\"elementor-element elementor-element-f06e9b6 e-con-full e-flex e-con e-child\" data-id=\"f06e9b6\" data-element_type=\"container\" data-e-type=\"container\">\n\t\t\t\t<div class=\"elementor-element elementor-element-d81e627 elementor-widget elementor-widget-text-editor\" data-id=\"d81e627\" data-element_type=\"widget\" data-e-type=\"widget\" data-widget_type=\"text-editor.default\">\n\t\t\t\t<div class=\"elementor-widget-container\">\n\t\t\t\t\t\t\t\t\t<h2>Que aprenderas<\/h2>\n<p>Durante nuestro curso de vitrales Tiffany, los estudiantes crear\u00e1n un panel u objeto tridimensional utilizando la t\u00e9cnica Tiffany o\u00a0 con cinta de cobre. Aprender\u00e1n los procedimientos y etapas de trabajo que esta t\u00e9cnica requiere, as\u00ed como las ventajas y desventajas de crear un vitral con esta t\u00e9cnica en comparaci\u00f3n con la t\u00e9cnica de vitral emplomado.<\/p>\n<p>Si este no es el curso que estaba buscando, regrese a nuestra p\u00e1gina de <a href=\"http:\/\/ikostudio.it\/es\/cursos-de-vitral-artistico\/\">Cursos de vitral art\u00edstico<\/a><\/p>\n<h2>Programa del curso de vitrales Tiffany<\/h2>\n<p>Tambi\u00e9n para nuestro curso de vitrales Tiffany, pedimos a los estudiantes que lleguen con una idea clara del proyecto que desean realizar, ya sea preparando un peque\u00f1o boceto en casa o buscando en l\u00ednea un vitral sencillo para reproducir. Esto permite aprovechar mejor el tiempo durante el curso, evitando la indecisi\u00f3n sobre qu\u00e9 crear. Adem\u00e1s, recomendamos a los estudiantes evitar proyectos demasiado ambiciosos: el aprendizaje suele ser m\u00e1s efectivo con un proyecto simple, que permite trabajar sin prisas.<\/p>\n\t\t\t\t\t\t\t\t<\/div>\n\t\t\t\t<\/div>\n\t\t\t\t<div class=\"elementor-element elementor-element-ae5a590 elementor-widget elementor-widget-image\" data-id=\"ae5a590\" data-element_type=\"widget\" data-e-type=\"widget\" data-widget_type=\"image.default\">\n\t\t\t\t<div class=\"elementor-widget-container\">\n\t\t\t\t\t\t\t\t\t\t\t\t\t\t\t<img fetchpriority=\"high\" decoding=\"async\" width=\"624\" height=\"414\" src=\"https:\/\/ikostudio.it\/wp-content\/uploads\/2019\/08\/example-of-tiffany.jpg\" class=\"attachment-large size-large wp-image-1317\" alt=\"Curso de vitral Tiffany\" srcset=\"https:\/\/ikostudio.it\/wp-content\/uploads\/2019\/08\/example-of-tiffany.jpg 624w, https:\/\/ikostudio.it\/wp-content\/uploads\/2019\/08\/example-of-tiffany-300x199.jpg 300w\" sizes=\"(max-width: 624px) 100vw, 624px\" \/>\t\t\t\t\t\t\t\t\t\t\t\t\t\t\t<\/div>\n\t\t\t\t<\/div>\n\t\t\t\t<div class=\"elementor-element elementor-element-d88c4b5 elementor-widget__width-initial elementor-widget elementor-widget-testimonial\" data-id=\"d88c4b5\" data-element_type=\"widget\" data-e-type=\"widget\" data-widget_type=\"testimonial.default\">\n\t\t\t\t<div class=\"elementor-widget-container\">\n\t\t\t\t\t\t\t<div class=\"elementor-testimonial-wrapper\">\n\t\t\t\t\t\t\t<div class=\"elementor-testimonial-content\"><p>Recomiendo infinitamente esta experiencia! Diego es un maestro muy profesional y dedicado. El curso es espectacular!<\/p>\n<\/div>\n\t\t\t\n\t\t\t\t\t\t<div class=\"elementor-testimonial-meta elementor-has-image elementor-testimonial-image-position-aside\">\n\t\t\t\t<div class=\"elementor-testimonial-meta-inner\">\n\t\t\t\t\t\t\t\t\t\t\t<div class=\"elementor-testimonial-image\">\n\t\t\t\t\t\t\t<img decoding=\"async\" width=\"462\" height=\"400\" src=\"https:\/\/ikostudio.it\/wp-content\/uploads\/2019\/09\/Flor-Castelli.webp\" class=\"attachment-full size-full wp-image-18193\" alt=\"\" srcset=\"https:\/\/ikostudio.it\/wp-content\/uploads\/2019\/09\/Flor-Castelli.webp 462w, https:\/\/ikostudio.it\/wp-content\/uploads\/2019\/09\/Flor-Castelli-300x260.webp 300w\" sizes=\"(max-width: 462px) 100vw, 462px\" \/>\t\t\t\t\t\t<\/div>\n\t\t\t\t\t\n\t\t\t\t\t\t\t\t\t\t<div class=\"elementor-testimonial-details\">\n\t\t\t\t\t\t\t\t\t\t\t\t\t\t<div class=\"elementor-testimonial-name\">Flor Castelli<\/div>\n\t\t\t\t\t\t\t\t\t\t\t\t\t\t\t\t\t\t\t\t\t\t<div class=\"elementor-testimonial-job\">Estudiante<\/div>\n\t\t\t\t\t\t\t\t\t\t\t\t\t<\/div>\n\t\t\t\t\t\t\t\t\t<\/div>\n\t\t\t<\/div>\n\t\t\t\t\t<\/div>\n\t\t\t\t\t\t<\/div>\n\t\t\t\t<\/div>\n\t\t\t\t<\/div>\n\t\t<div class=\"elementor-element elementor-element-44aedc6 e-con-full e-flex e-con e-child\" data-id=\"44aedc6\" data-element_type=\"container\" data-e-type=\"container\">\n\t\t\t\t<div class=\"elementor-element elementor-element-c762b2b elementor-widget elementor-widget-text-editor\" data-id=\"c762b2b\" data-element_type=\"widget\" data-e-type=\"widget\" data-widget_type=\"text-editor.default\">\n\t\t\t\t<div class=\"elementor-widget-container\">\n\t\t\t\t\t\t\t\t\t<h3>El proyecto<\/h3>\n<p>Una vez definido el proyecto a realizar, se dibujar\u00e1 a escala real sobre una hoja de papel de calco. Posteriormente, se trazar\u00e1n las l\u00edneas de corte, generalmente donde haya cambios de color en el vidrio o cuando sea necesario por razones t\u00e9cnicas.<\/p>\n<h3>El corte del vidrio<\/h3>\n<p>Una vez listo el proyecto, los alumnos explorar\u00e1n los distintos tipos y colores de vidrio disponibles en el mercado y en nuestro taller.<\/p>\n<p>El alumno se familiarizar\u00e1 con el cortavidrio, aprender\u00e1 a sujetarlo correctamente y practicar\u00e1 brevemente con vidrio transparente com\u00fan.<\/p>\n<p>Cuando haya adquirido confianza en el corte de vidrio, se guiar\u00e1 al estudiante en la elecci\u00f3n de los colores de vidrio para la creaci\u00f3n de su propia ventana Tiffany.<\/p>\n<p>A partir de ah\u00ed, podr\u00e1 comenzar el proceso de corte de las distintas piezas y perfeccionar cada una utilizando la pulidora.<\/p>\n<h3>La aplicaci\u00f3n de la cinta de cobre<\/h3>\n<p>En esta fase se aplicar\u00e1 la cinta adhesiva de cobre alrededor de cada pieza de vidrio, escogiendo el espesor adecuado, aprendiendo adem\u00e1s a plegar y apretar la cinta adecuadamente en torno al borde de cada pieza de vidrio.<\/p>\n<h3>La soldadura<\/h3>\n<p>Las diversas piezas de vidrio que conforman el vitral, contorneadas con la cinta de cobre, ser\u00e1n colocadas en su correcta posici\u00f3n sobre el dise\u00f1o realizado en papel, y usando esta\u00f1o y soldador, el estudiante soldar\u00e1 las piezas de ambos lados del panel de vitral o del objeto tridimensional.<br \/>\nLa soldadura ser\u00e1 posteriormente pulida a gusto con la p\u00e1tina correspondiente.<\/p>\n<p>Adem\u00e1s de la parte pr\u00e1ctica, e este curso de vitrales Tiffany se orientar\u00e1 a los alumnos en todos los procedimientos necesarios para trabajar en casa de forma segura y responsable, especialmente al manejar materiales que pueden ser peligrosos.<\/p>\n<h3>Tuyo para guardar<\/h3>\n<p>El trabajo realizado en Vitral Tiffany, ser\u00e1 de propiedad del estudiante.<\/p>\n<p>La funci\u00f3n del maestro consiste adem\u00e1s en proporcionar al estudiante todas las herramientas necesarias para la realizaci\u00f3n de su obra, y seguir el trabajo del mismo en todas sus fases y durante la totalidad de los d\u00edas que dure el curso de vitral Tiffany.<\/p>\n<p>Al final del curso los estudiantes ser\u00e1n asesorados acerca de c\u00f3mo podr\u00e1n conseguir todos los materiales necesarios para continuar practicando en su casa.<\/p>\n\t\t\t\t\t\t\t\t<\/div>\n\t\t\t\t<\/div>\n\t\t\t\t<\/div>\n\t\t<div class=\"elementor-element elementor-element-ee6be6d e-con-full e-flex e-con e-child\" data-id=\"ee6be6d\" data-element_type=\"container\" data-e-type=\"container\">\n\t\t\t\t<div class=\"elementor-element elementor-element-5bd66ae elementor-widget elementor-widget-text-editor\" data-id=\"5bd66ae\" data-element_type=\"widget\" data-e-type=\"widget\" data-widget_type=\"text-editor.default\">\n\t\t\t\t<div class=\"elementor-widget-container\">\n\t\t\t\t\t\t\t\t\t<h2>Precio del curso 950\u20ac<\/h2>\n<h2>Duraci\u00f3n del curso y alojamiento<\/h2>\n<p>Nuestro curso de vitrales Tiffany es intensivo y permiten a los estudiantes dedicarse a sus vidrieras hasta su finalizaci\u00f3n. Dura una semana (7 d\u00edas). Normalmente los estudiantes llegan el domingo por la tarde\/noche y son llevados a su alojamiento donde podr\u00e1n instalarse y descansar para empezar el curso el lunes por la ma\u00f1ana. El curso finalizar\u00e1 el domingo por la tarde.<\/p>\n<p>Tenemos la posibilidad de alojar a los estudiantes en un hermoso <a href=\"https:\/\/ikostudio.it\/es\/alojamiento-para-estudiantes\/\" target=\"_blank\" rel=\"noopener\">apartamento<\/a> en el burgo medieval del castillo de <a href=\"https:\/\/it.wikipedia.org\/wiki\/Bolsena\" target=\"_blank\" rel=\"noopener\">Bolsena<\/a> a un <strong>precio muy especial<\/strong><\/p>\n\t\t\t\t\t\t\t\t<\/div>\n\t\t\t\t<\/div>\n\t\t\t\t<div class=\"elementor-element elementor-element-49a845f elementor-widget elementor-widget-text-editor\" data-id=\"49a845f\" data-element_type=\"widget\" data-e-type=\"widget\" data-widget_type=\"text-editor.default\">\n\t\t\t\t<div class=\"elementor-widget-container\">\n\t\t\t\t\t\t\t\t\t<ul>\n<li>7 d\u00edas de clases<\/li>\n<li>8 horas de trabajo diario<\/li>\n<li>Almuerzos gratis todos los d\u00edas<\/li>\n<li>Material incluido<\/li>\n<li>Posibilidad de alojamiento<\/li>\n<\/ul>\n\t\t\t\t\t\t\t\t<\/div>\n\t\t\t\t<\/div>\n\t\t\t\t<div class=\"elementor-element elementor-element-d4c21b8 elementor-cta--skin-classic elementor-animated-content elementor-bg-transform elementor-bg-transform-zoom-in elementor-widget elementor-widget-call-to-action\" data-id=\"d4c21b8\" data-element_type=\"widget\" data-e-type=\"widget\" data-widget_type=\"call-to-action.default\">\n\t\t\t\t<div class=\"elementor-widget-container\">\n\t\t\t\t\t\t\t<div class=\"elementor-cta\">\n\t\t\t\t\t\t\t<div class=\"elementor-cta__content\">\n\t\t\t\t\n\t\t\t\t\t\t\t\t\t<h2 class=\"elementor-cta__title elementor-cta__content-item elementor-content-item\">\n\t\t\t\t\t\tReserve hoy!\t\t\t\t\t<\/h2>\n\t\t\t\t\n\t\t\t\t\t\t\t\t\t<div class=\"elementor-cta__description elementor-cta__content-item elementor-content-item\">\n\t\t\t\t\t\t<p>\u00a1No esperes m\u00e1s!<\/p>\n\t\t\t\t\t<\/div>\n\t\t\t\t\n\t\t\t\t\t\t\t\t\t<div class=\"elementor-cta__button-wrapper elementor-cta__content-item elementor-content-item \">\n\t\t\t\t\t<a class=\"elementor-cta__button elementor-button elementor-size-\" href=\"https:\/\/ikostudio.it\/es\/cursos-de-vitral-artistico\/informarse-reservar\/\" target=\"_blank\">\n\t\t\t\t\t\t\u00a1\u00c1ndale!\t\t\t\t\t<\/a>\n\t\t\t\t\t<\/div>\n\t\t\t\t\t\t\t<\/div>\n\t\t\t\t\t\t<\/div>\n\t\t\t\t\t\t<\/div>\n\t\t\t\t<\/div>\n\t\t\t\t<div class=\"elementor-element elementor-element-f39c911 elementor-widget elementor-widget-heading\" data-id=\"f39c911\" data-element_type=\"widget\" data-e-type=\"widget\" data-widget_type=\"heading.default\">\n\t\t\t\t<div class=\"elementor-widget-container\">\n\t\t\t\t\t<h2 class=\"elementor-heading-title elementor-size-default\">Galer\u00eda de estudiantes<\/h2>\t\t\t\t<\/div>\n\t\t\t\t<\/div>\n\t\t\t\t<\/div>\n\t\t\t\t<\/div>\n\t\t\t\t<\/div>\n\t\t\t\t\t<\/div>\n\t\t\t\t<\/div>\n\t\t\t\t<\/div>\n\t\t","protected":false},"excerpt":{"rendered":"<p>Que aprenderas Durante nuestro curso de vitrales Tiffany, los estudiantes crear\u00e1n un panel u objeto tridimensional utilizando la t\u00e9cnica Tiffany o\u00a0 con cinta de cobre. Aprender\u00e1n los procedimientos y etapas de trabajo que esta t\u00e9cnica requiere, as\u00ed como las ventajas y desventajas de crear un vitral con esta t\u00e9cnica en comparaci\u00f3n con la t\u00e9cnica de [&hellip;]<\/p>\n","protected":false},"author":3,"featured_media":93,"parent":1329,"menu_order":0,"comment_status":"closed","ping_status":"closed","template":"elementor_header_footer","meta":{"footnotes":""},"class_list":["post-1333","page","type-page","status-publish","has-post-thumbnail","hentry"],"_links":{"self":[{"href":"https:\/\/ikostudio.it\/es\/wp-json\/wp\/v2\/pages\/1333","targetHints":{"allow":["GET"]}}],"collection":[{"href":"https:\/\/ikostudio.it\/es\/wp-json\/wp\/v2\/pages"}],"about":[{"href":"https:\/\/ikostudio.it\/es\/wp-json\/wp\/v2\/types\/page"}],"author":[{"embeddable":true,"href":"https:\/\/ikostudio.it\/es\/wp-json\/wp\/v2\/users\/3"}],"replies":[{"embeddable":true,"href":"https:\/\/ikostudio.it\/es\/wp-json\/wp\/v2\/comments?post=1333"}],"version-history":[{"count":0,"href":"https:\/\/ikostudio.it\/es\/wp-json\/wp\/v2\/pages\/1333\/revisions"}],"up":[{"embeddable":true,"href":"https:\/\/ikostudio.it\/es\/wp-json\/wp\/v2\/pages\/1329"}],"wp:featuredmedia":[{"embeddable":true,"href":"https:\/\/ikostudio.it\/es\/wp-json\/wp\/v2\/media\/93"}],"wp:attachment":[{"href":"https:\/\/ikostudio.it\/es\/wp-json\/wp\/v2\/media?parent=1333"}],"curies":[{"name":"wp","href":"https:\/\/api.w.org\/{rel}","templated":true}]}}