{"id":1331,"date":"2014-05-12T00:00:00","date_gmt":"2014-05-12T00:00:00","guid":{"rendered":"http:\/\/ikostudio.it\/index.php\/curso-de-pintura-sobre-el-vidrio\/"},"modified":"2024-12-11T15:14:19","modified_gmt":"2024-12-11T15:14:19","slug":"curso-de-pintura-sobre-vidrio","status":"publish","type":"page","link":"https:\/\/ikostudio.it\/es\/cursos-de-vitrales-artisticos\/curso-de-pintura-sobre-vidrio\/","title":{"rendered":"Curso de pintura sobre vidrio"},"content":{"rendered":"\t\t<div data-elementor-type=\"wp-post\" data-elementor-id=\"1331\" class=\"elementor elementor-1331 elementor-900\" data-elementor-post-type=\"page\">\n\t\t\t\t<div class=\"elementor-element elementor-element-cc979ea e-flex e-con-boxed e-con e-parent\" data-id=\"cc979ea\" data-element_type=\"container\" data-e-type=\"container\" data-settings=\"{&quot;background_background&quot;:&quot;classic&quot;}\">\n\t\t\t\t\t<div class=\"e-con-inner\">\n\t\t\t\t<div class=\"elementor-element elementor-element-3e5c156 elementor-widget elementor-widget-heading\" data-id=\"3e5c156\" data-element_type=\"widget\" data-e-type=\"widget\" data-widget_type=\"heading.default\">\n\t\t\t\t<div class=\"elementor-widget-container\">\n\t\t\t\t\t<h1 class=\"elementor-heading-title elementor-size-default\">Curso de pintura sobre vidrio<\/h1>\t\t\t\t<\/div>\n\t\t\t\t<\/div>\n\t\t\t\t\t<\/div>\n\t\t\t\t<\/div>\n\t\t<div class=\"elementor-element elementor-element-4ff64f2 e-flex e-con-boxed e-con e-parent\" data-id=\"4ff64f2\" data-element_type=\"container\" data-e-type=\"container\">\n\t\t\t\t\t<div class=\"e-con-inner\">\n\t\t<div class=\"elementor-element elementor-element-a4c79e7 e-con-full e-flex e-con e-child\" data-id=\"a4c79e7\" data-element_type=\"container\" data-e-type=\"container\">\n\t\t<div class=\"elementor-element elementor-element-02e727d e-con-full e-flex e-con e-child\" data-id=\"02e727d\" data-element_type=\"container\" data-e-type=\"container\">\n\t\t<div class=\"elementor-element elementor-element-e7c5fa8 e-con-full e-flex e-con e-child\" data-id=\"e7c5fa8\" data-element_type=\"container\" data-e-type=\"container\">\n\t\t\t\t<div class=\"elementor-element elementor-element-2fb0bd9 elementor-widget elementor-widget-text-editor\" data-id=\"2fb0bd9\" data-element_type=\"widget\" data-e-type=\"widget\" data-widget_type=\"text-editor.default\">\n\t\t\t\t<div class=\"elementor-widget-container\">\n\t\t\t\t\t\t\t\t\t<h2>Descubre el curso de pintura sobre vidrio de IKO Studio<\/h2>\n<p>En IKO Studio ofrecemo <strong>curso de pintura sobre vidrio<\/strong> que te permitir\u00e1n aprender las t\u00e9cnicas tradicionales utilizadas en la creaci\u00f3n de vidrieras. Entre ellos, la pintura <strong>grisalla<\/strong>, el <strong>amarillo de plata<\/strong> y el uso de <strong>esmaltes transparentes<\/strong>.<\/p>\n<p>Nuestra experiencia en el sector de los vitrales nos permite transmitir los m\u00e9todos, secretos profesionales y mejores pr\u00e1cticas m\u00e1s efectivos, proporcion\u00e1ndole las herramientas necesarias para expresar plenamente su potencial en la pintura sobre vidrio.o.<\/p>\n<p>Participar en el curso de pintura sobre vidrio en IKO Studio significa sumergirse en un ambiente de creatividad, aprender los secretos de la pintura sobre vidrio y crear obras \u00fanicas para llevarse a casa.<\/p>\n<p>Ya sean entusiastas, estudiantes o profesionales que busquen nuevas habilidades, les guiaremos paso a paso en el fascinante mundo de la pintura sobre vidrio.<\/p>\n<p>Si este no es el curso que estabas buscando, acude a nuestros <a href=\"https:\/\/ikostudio.it\/es\/cursos-de-vitrales-artisticos\/\">cursos de vidrieras<\/a>.<\/p>\n\t\t\t\t\t\t\t\t<\/div>\n\t\t\t\t<\/div>\n\t\t\t\t<div class=\"elementor-element elementor-element-5ca07f2 elementor-widget elementor-widget-video\" data-id=\"5ca07f2\" data-element_type=\"widget\" data-e-type=\"widget\" data-settings=\"{&quot;youtube_url&quot;:&quot;https:\\\/\\\/www.youtube.com\\\/watch?v=znqXjLZheQc&quot;,&quot;video_type&quot;:&quot;youtube&quot;,&quot;controls&quot;:&quot;yes&quot;}\" data-widget_type=\"video.default\">\n\t\t\t\t<div class=\"elementor-widget-container\">\n\t\t\t\t\t\t\t<div class=\"elementor-wrapper elementor-open-inline\">\n\t\t\t<div class=\"elementor-video\"><\/div>\t\t<\/div>\n\t\t\t\t\t\t<\/div>\n\t\t\t\t<\/div>\n\t\t\t\t<div class=\"elementor-element elementor-element-5aebf25 elementor-widget__width-initial elementor-widget elementor-widget-testimonial\" data-id=\"5aebf25\" data-element_type=\"widget\" data-e-type=\"widget\" data-widget_type=\"testimonial.default\">\n\t\t\t\t<div class=\"elementor-widget-container\">\n\t\t\t\t\t\t\t<div class=\"elementor-testimonial-wrapper\">\n\t\t\t\t\t\t\t<div class=\"elementor-testimonial-content\"><p>Recomiendo infinitamente esta experiencia! Diego es un maestro muy profesional y dedicado. El curso es espectacular!<\/p>\n<\/div>\n\t\t\t\n\t\t\t\t\t\t<div class=\"elementor-testimonial-meta elementor-has-image elementor-testimonial-image-position-aside\">\n\t\t\t\t<div class=\"elementor-testimonial-meta-inner\">\n\t\t\t\t\t\t\t\t\t\t\t<div class=\"elementor-testimonial-image\">\n\t\t\t\t\t\t\t<img fetchpriority=\"high\" decoding=\"async\" width=\"462\" height=\"400\" src=\"https:\/\/ikostudio.it\/wp-content\/uploads\/2019\/09\/Flor-Castelli.webp\" class=\"attachment-full size-full wp-image-18193\" alt=\"\" srcset=\"https:\/\/ikostudio.it\/wp-content\/uploads\/2019\/09\/Flor-Castelli.webp 462w, https:\/\/ikostudio.it\/wp-content\/uploads\/2019\/09\/Flor-Castelli-300x260.webp 300w\" sizes=\"(max-width: 462px) 100vw, 462px\" \/>\t\t\t\t\t\t<\/div>\n\t\t\t\t\t\n\t\t\t\t\t\t\t\t\t\t<div class=\"elementor-testimonial-details\">\n\t\t\t\t\t\t\t\t\t\t\t\t\t\t<div class=\"elementor-testimonial-name\">Flor Castelli<\/div>\n\t\t\t\t\t\t\t\t\t\t\t\t\t\t\t\t\t\t\t\t\t\t<div class=\"elementor-testimonial-job\">Estudiente<\/div>\n\t\t\t\t\t\t\t\t\t\t\t\t\t<\/div>\n\t\t\t\t\t\t\t\t\t<\/div>\n\t\t\t<\/div>\n\t\t\t\t\t<\/div>\n\t\t\t\t\t\t<\/div>\n\t\t\t\t<\/div>\n\t\t\t\t<\/div>\n\t\t<div class=\"elementor-element elementor-element-9cc0373 e-con-full e-flex e-con e-child\" data-id=\"9cc0373\" data-element_type=\"container\" data-e-type=\"container\">\n\t\t\t\t<div class=\"elementor-element elementor-element-193e85b elementor-widget elementor-widget-image\" data-id=\"193e85b\" data-element_type=\"widget\" data-e-type=\"widget\" data-widget_type=\"image.default\">\n\t\t\t\t<div class=\"elementor-widget-container\">\n\t\t\t\t\t\t\t\t\t\t\t\t\t\t\t<img decoding=\"async\" width=\"572\" height=\"750\" src=\"https:\/\/ikostudio.it\/wp-content\/uploads\/2019\/08\/Pittura-su-vetro-Mos\u00e8.jpg\" class=\"attachment-large size-large wp-image-3327\" alt=\"Curso de pintura sobre vidrio Mos\u00e8\" srcset=\"https:\/\/ikostudio.it\/wp-content\/uploads\/2019\/08\/Pittura-su-vetro-Mos\u00e8.jpg 572w, https:\/\/ikostudio.it\/wp-content\/uploads\/2019\/08\/Pittura-su-vetro-Mos\u00e8-229x300.jpg 229w\" sizes=\"(max-width: 572px) 100vw, 572px\" \/>\t\t\t\t\t\t\t\t\t\t\t\t\t\t\t<\/div>\n\t\t\t\t<\/div>\n\t\t\t\t<div class=\"elementor-element elementor-element-ed43a6d elementor-widget elementor-widget-text-editor\" data-id=\"ed43a6d\" data-element_type=\"widget\" data-e-type=\"widget\" data-widget_type=\"text-editor.default\">\n\t\t\t\t<div class=\"elementor-widget-container\">\n\t\t\t\t\t\t\t\t\t<h2>Curso de Pintura sobre Vidrio: Aprende a Pintar con Grisalla<\/h2>\n<p>Nuestro curso de pintura sobre vidrio comienzan con una breve introducci\u00f3n te\u00f3rica sobre la composici\u00f3n de la grisalla, complementada con notas hist\u00f3ricas acerca de su uso en las vidrieras art\u00edsticas. A continuaci\u00f3n, junto con los alumnos, prepararemos el material necesario para pintar sobre vidrio. Esto puede incluir un dibujo realizado a mano por el estudiante o una imagen seleccionada en l\u00ednea y adaptada al tama\u00f1o deseado.<\/p>\n<h3>Mezclar los pigmentos<\/h3>\n<p>Los estudiantes aprender\u00e1n a mezclar correctamente los pigmentos, logrando la consistencia adecuada para pintar sobre vidrio.<\/p>\n<p>Posteriormente, practicar\u00e1n el trazado de sus primeras l\u00edneas y se les ense\u00f1ar\u00e1n t\u00e9cnicas para que estas sean precisas y armoniosas. Una vez trazadas las l\u00edneas, se mostrar\u00e1 c\u00f3mo corregir cualquier imperfecci\u00f3n y refinar los detalles.<\/p>\n<p>Cuando los alumnos est\u00e9n satisfechos con el resultado final, el vidrio ser\u00e1 cocido en el horno para fijar la obra, completando as\u00ed la primera fase del proceso.<\/p>\n<h3><strong>Sombreado<\/strong><\/h3>\n<p>La segunda fase de nuestro curso de pintura sobre vidrio est\u00e1 dedicada al sombreado. Los estudiantes aprender\u00e1n a aplicar una veladura de grisalla uniforme sobre el vidrio previamente pintado. Luego, con pinceles de cerdas duras o semiblandas, eliminar\u00e1n parte de la grisalla para crear los matices deseados. Este paso permite agregar profundidad y detalles al dise\u00f1o.<\/p>\n<h3><strong>Amarillo de plata y esmaltes<\/strong><\/h3>\n<p>Se ense\u00f1ar\u00e1 a los estudiantes la t\u00e9cnica de coloraci\u00f3n del vidrio utilizando esmaltes de amarillo de plata y esmaltes transparentes, un paso esencial para colorear peque\u00f1as superficies de vidrio, generalmente transparente.<\/p>\n<p>En nuestros cursos, los estudiantes aprender\u00e1n a mezclar los esmaltes y el amarillo de plata con los medios adecuados, aplicarlos con precisi\u00f3n sobre el vidrio y perfeccionar el trabajo mediante una correcta limpieza, asegurando un acabado uniforme y brillante.<\/p>\n<h3>Herramientas y material<\/h3>\n<p>Todo el material creado durante el curso ser\u00e1 propiedad de los estudiantes.<\/p>\n<p>El profesor proporcionar\u00e1 todas las herramientas necesarias para realizar el trabajo, guiando y apoyando a los alumnos en cada etapa del curso.<\/p>\n<p>Al finalizar los cursos de pintura sobre vidrio, recibir\u00e1s toda la informaci\u00f3n \u00fatil para adquirir pigmentos, pinceles y dem\u00e1s materiales necesarios para continuar practicando este fascinante arte.<\/p>\n\t\t\t\t\t\t\t\t<\/div>\n\t\t\t\t<\/div>\n\t\t\t\t<\/div>\n\t\t<div class=\"elementor-element elementor-element-dd06425 e-con-full e-flex e-con e-child\" data-id=\"dd06425\" data-element_type=\"container\" data-e-type=\"container\">\n\t\t\t\t<div class=\"elementor-element elementor-element-558e5cc elementor-widget elementor-widget-text-editor\" data-id=\"558e5cc\" data-element_type=\"widget\" data-e-type=\"widget\" data-widget_type=\"text-editor.default\">\n\t\t\t\t<div class=\"elementor-widget-container\">\n\t\t\t\t\t\t\t\t\t<h2>Precio del curso 950\u20ac<\/h2>\n<h2>Duraci\u00f3n del curso y alojamiento<\/h2>\n<p>Nuestro curso de pintura sobre vidrio es intensivo y dura una semana (7 d\u00edas). Se invita a los estudiantes a llegar el domingo por la tarde o noche, para comenzar las clases el lunes por la ma\u00f1ana con energ\u00eda y concentraci\u00f3n. El curso finalizar\u00e1 el domingo por la tarde.<\/p>\n<p>Para hacer tu estancia a\u00fan m\u00e1s especial, te ofrecemos la posibilidad de alojarte en un <a href=\"https:\/\/ikostudio.it\/es\/cursos-de-vitrales-artisticos\/alojamiento-para-estudiantes\/\">apartamento<\/a> ubicado en el burgo medieval de Castel de <a href=\"https:\/\/www.visitbolsena.it\/index.asp?Lang=it\" target=\"_blank\" rel=\"noopener\">Bolsena<\/a>. Este alojamiento, disponible a un <strong>precio exclusivo<\/strong> para nuestros estudiantes, brinda una oportunidad \u00fanica de sumergirse en un entorno hist\u00f3rico y art\u00edstico.<\/p>\n\t\t\t\t\t\t\t\t<\/div>\n\t\t\t\t<\/div>\n\t\t\t\t<div class=\"elementor-element elementor-element-9729183 elementor-widget elementor-widget-text-editor\" data-id=\"9729183\" data-element_type=\"widget\" data-e-type=\"widget\" data-widget_type=\"text-editor.default\">\n\t\t\t\t<div class=\"elementor-widget-container\">\n\t\t\t\t\t\t\t\t\t<ul>\n<li>7 d\u00edas de clases<\/li>\n<li>8 horas de trabajo diario<\/li>\n<li>Almuerzos gratis todos los d\u00edas<\/li>\n<li>Material incluido<\/li>\n<li>Posibilidad de alojamiento<\/li>\n<\/ul>\n\t\t\t\t\t\t\t\t<\/div>\n\t\t\t\t<\/div>\n\t\t\t\t<div class=\"elementor-element elementor-element-84d9448 elementor-cta--skin-classic elementor-animated-content elementor-bg-transform elementor-bg-transform-zoom-in elementor-widget elementor-widget-call-to-action\" data-id=\"84d9448\" data-element_type=\"widget\" data-e-type=\"widget\" data-widget_type=\"call-to-action.default\">\n\t\t\t\t<div class=\"elementor-widget-container\">\n\t\t\t\t\t\t\t<div class=\"elementor-cta\">\n\t\t\t\t\t\t\t<div class=\"elementor-cta__content\">\n\t\t\t\t\n\t\t\t\t\t\t\t\t\t<h2 class=\"elementor-cta__title elementor-cta__content-item elementor-content-item\">\n\t\t\t\t\t\tReserve hoy!\t\t\t\t\t<\/h2>\n\t\t\t\t\n\t\t\t\t\t\t\t\t\t<div class=\"elementor-cta__description elementor-cta__content-item elementor-content-item\">\n\t\t\t\t\t\t<p>\u00a1No esperes m\u00e1s!<\/p>\n\t\t\t\t\t<\/div>\n\t\t\t\t\n\t\t\t\t\t\t\t\t\t<div class=\"elementor-cta__button-wrapper elementor-cta__content-item elementor-content-item \">\n\t\t\t\t\t<a class=\"elementor-cta__button elementor-button elementor-size-\" href=\"https:\/\/ikostudio.it\/es\/cursos-de-vitral-artistico\/informarse-reservar\/\" target=\"_blank\">\n\t\t\t\t\t\t\u00a1\u00c1ndale!\t\t\t\t\t<\/a>\n\t\t\t\t\t<\/div>\n\t\t\t\t\t\t\t<\/div>\n\t\t\t\t\t\t<\/div>\n\t\t\t\t\t\t<\/div>\n\t\t\t\t<\/div>\n\t\t\t\t<div class=\"elementor-element elementor-element-4a76491 elementor-widget elementor-widget-heading\" data-id=\"4a76491\" data-element_type=\"widget\" data-e-type=\"widget\" data-widget_type=\"heading.default\">\n\t\t\t\t<div class=\"elementor-widget-container\">\n\t\t\t\t\t<h2 class=\"elementor-heading-title elementor-size-default\">Galer\u00eda de estudiantes<\/h2>\t\t\t\t<\/div>\n\t\t\t\t<\/div>\n\t\t\t\t<\/div>\n\t\t\t\t<\/div>\n\t\t\t\t<\/div>\n\t\t\t\t\t<\/div>\n\t\t\t\t<\/div>\n\t\t\t\t<\/div>\n\t\t","protected":false},"excerpt":{"rendered":"<p>Descubre el curso de pintura sobre vidrio de IKO Studio En IKO Studio ofrecemo curso de pintura sobre vidrio que te permitir\u00e1n aprender las t\u00e9cnicas tradicionales utilizadas en la creaci\u00f3n de vidrieras. Entre ellos, la pintura grisalla, el amarillo de plata y el uso de esmaltes transparentes. Nuestra experiencia en el sector de los vitrales [&hellip;]<\/p>\n","protected":false},"author":3,"featured_media":97,"parent":1329,"menu_order":0,"comment_status":"closed","ping_status":"closed","template":"","meta":{"footnotes":""},"class_list":["post-1331","page","type-page","status-publish","has-post-thumbnail","hentry"],"_links":{"self":[{"href":"https:\/\/ikostudio.it\/es\/wp-json\/wp\/v2\/pages\/1331","targetHints":{"allow":["GET"]}}],"collection":[{"href":"https:\/\/ikostudio.it\/es\/wp-json\/wp\/v2\/pages"}],"about":[{"href":"https:\/\/ikostudio.it\/es\/wp-json\/wp\/v2\/types\/page"}],"author":[{"embeddable":true,"href":"https:\/\/ikostudio.it\/es\/wp-json\/wp\/v2\/users\/3"}],"replies":[{"embeddable":true,"href":"https:\/\/ikostudio.it\/es\/wp-json\/wp\/v2\/comments?post=1331"}],"version-history":[{"count":0,"href":"https:\/\/ikostudio.it\/es\/wp-json\/wp\/v2\/pages\/1331\/revisions"}],"up":[{"embeddable":true,"href":"https:\/\/ikostudio.it\/es\/wp-json\/wp\/v2\/pages\/1329"}],"wp:featuredmedia":[{"embeddable":true,"href":"https:\/\/ikostudio.it\/es\/wp-json\/wp\/v2\/media\/97"}],"wp:attachment":[{"href":"https:\/\/ikostudio.it\/es\/wp-json\/wp\/v2\/media?parent=1331"}],"curies":[{"name":"wp","href":"https:\/\/api.w.org\/{rel}","templated":true}]}}