{"id":1330,"date":"2014-05-08T00:00:00","date_gmt":"2014-05-08T00:00:00","guid":{"rendered":"http:\/\/ikostudio.it\/index.php\/cursos-de-vitral-artistico-armado-en-plomo\/"},"modified":"2024-12-11T15:15:11","modified_gmt":"2024-12-11T15:15:11","slug":"curso-de-vitrales-artisticos-armado-en-plomo","status":"publish","type":"page","link":"https:\/\/ikostudio.it\/es\/cursos-de-vitrales-artisticos\/curso-de-vitrales-artisticos-armado-en-plomo\/","title":{"rendered":"Curso de vitrales art\u00edsticos armado en plomo"},"content":{"rendered":"\t\t<div data-elementor-type=\"wp-post\" data-elementor-id=\"1330\" class=\"elementor elementor-1330 elementor-949\" data-elementor-post-type=\"page\">\n\t\t\t\t<div class=\"elementor-element elementor-element-1f0bdaf e-flex e-con-boxed e-con e-parent\" data-id=\"1f0bdaf\" data-element_type=\"container\" data-e-type=\"container\" data-settings=\"{&quot;background_background&quot;:&quot;classic&quot;}\">\n\t\t\t\t\t<div class=\"e-con-inner\">\n\t\t\t\t<div class=\"elementor-element elementor-element-8483f09 elementor-widget elementor-widget-heading\" data-id=\"8483f09\" data-element_type=\"widget\" data-e-type=\"widget\" data-widget_type=\"heading.default\">\n\t\t\t\t<div class=\"elementor-widget-container\">\n\t\t\t\t\t<h2 class=\"elementor-heading-title elementor-size-default\">Curso de vitrales art\u00edsticos armado en plomo<\/h2>\t\t\t\t<\/div>\n\t\t\t\t<\/div>\n\t\t\t\t\t<\/div>\n\t\t\t\t<\/div>\n\t\t<div class=\"elementor-element elementor-element-2055a27 e-flex e-con-boxed e-con e-parent\" data-id=\"2055a27\" data-element_type=\"container\" data-e-type=\"container\">\n\t\t\t\t\t<div class=\"e-con-inner\">\n\t\t<div class=\"elementor-element elementor-element-6350ff5 e-con-full e-flex e-con e-child\" data-id=\"6350ff5\" data-element_type=\"container\" data-e-type=\"container\">\n\t\t<div class=\"elementor-element elementor-element-67069dd e-con-full e-flex e-con e-child\" data-id=\"67069dd\" data-element_type=\"container\" data-e-type=\"container\">\n\t\t\t\t<div class=\"elementor-element elementor-element-2cab834 elementor-widget elementor-widget-text-editor\" data-id=\"2cab834\" data-element_type=\"widget\" data-e-type=\"widget\" data-widget_type=\"text-editor.default\">\n\t\t\t\t<div class=\"elementor-widget-container\">\n\t\t\t\t\t\t\t\t\t<h2>Que aprenderas<\/h2>\n<p>En el curso de vitrales art\u00edsticos armado en plomo de IKO Studio aprender\u00e1 todas las t\u00e9cnicas para crear un vitral armado en plomo sin ninguna pintura sobre vidrio, solo con mosaicos de diferentes colores.<\/p>\n\t\t\t\t\t\t\t\t<\/div>\n\t\t\t\t<\/div>\n\t\t\t\t<div class=\"elementor-element elementor-element-6ebb9b3 elementor-widget elementor-widget-text-editor\" data-id=\"6ebb9b3\" data-element_type=\"widget\" data-e-type=\"widget\" data-widget_type=\"text-editor.default\">\n\t\t\t\t<div class=\"elementor-widget-container\">\n\t\t\t\t\t\t\t\t\t<p>Nuestras obras son producidas generalmente utilizando esta t\u00e9cnica, por lo que compartiremos con usted nuestra experiencia y las buenas pr\u00e1cticas para ense\u00f1arle a la perfecci\u00f3n, todas las fases que requiere la elaboraci\u00f3n de un vitral art\u00edstico, de forma tal que podr\u00e1 luego en su casa, continuar perfeccion\u00e1ndose.<\/p>\n<p>S\u00ed el curso de vitrales art\u00edsticos armado en plomo no eran los cursos que estabas buscando, regrese a nuestra p\u00e1gina de <a href=\"http:\/\/ikostudio.it\/es\/cursos-de-vitral-artistico\/\">Cursos de vitrales art\u00edstico<\/a><\/p>\n\t\t\t\t\t\t\t\t<\/div>\n\t\t\t\t<\/div>\n\t\t\t\t<div class=\"elementor-element elementor-element-9ba5077 elementor-widget elementor-widget-image\" data-id=\"9ba5077\" data-element_type=\"widget\" data-e-type=\"widget\" data-widget_type=\"image.default\">\n\t\t\t\t<div class=\"elementor-widget-container\">\n\t\t\t\t\t\t\t\t\t\t\t\t\t\t\t<img fetchpriority=\"high\" decoding=\"async\" width=\"563\" height=\"750\" src=\"https:\/\/ikostudio.it\/wp-content\/uploads\/2019\/08\/Vetrate-a-Piombo-Diagonale.webp\" class=\"attachment-large size-large wp-image-2076\" alt=\"Cursos de vitrales art\u00edsticos armado en plomo diagonal\" \/>\t\t\t\t\t\t\t\t\t\t\t\t\t\t\t<\/div>\n\t\t\t\t<\/div>\n\t\t\t\t<div class=\"elementor-element elementor-element-e036802 elementor-widget__width-initial elementor-widget elementor-widget-testimonial\" data-id=\"e036802\" data-element_type=\"widget\" data-e-type=\"widget\" data-widget_type=\"testimonial.default\">\n\t\t\t\t<div class=\"elementor-widget-container\">\n\t\t\t\t\t\t\t<div class=\"elementor-testimonial-wrapper\">\n\t\t\t\t\t\t\t<div class=\"elementor-testimonial-content\"><p>Recomiendo infinitamente esta experiencia! Diego es un maestro muy profesional y dedicado. El curso es espectacular!<\/p>\n<\/div>\n\t\t\t\n\t\t\t\t\t\t<div class=\"elementor-testimonial-meta elementor-has-image elementor-testimonial-image-position-aside\">\n\t\t\t\t<div class=\"elementor-testimonial-meta-inner\">\n\t\t\t\t\t\t\t\t\t\t\t<div class=\"elementor-testimonial-image\">\n\t\t\t\t\t\t\t<img decoding=\"async\" width=\"462\" height=\"400\" src=\"https:\/\/ikostudio.it\/wp-content\/uploads\/2019\/09\/Flor-Castelli.webp\" class=\"attachment-full size-full wp-image-18193\" alt=\"\" srcset=\"https:\/\/ikostudio.it\/wp-content\/uploads\/2019\/09\/Flor-Castelli.webp 462w, https:\/\/ikostudio.it\/wp-content\/uploads\/2019\/09\/Flor-Castelli-300x260.webp 300w\" sizes=\"(max-width: 462px) 100vw, 462px\" \/>\t\t\t\t\t\t<\/div>\n\t\t\t\t\t\n\t\t\t\t\t\t\t\t\t\t<div class=\"elementor-testimonial-details\">\n\t\t\t\t\t\t\t\t\t\t\t\t\t\t<div class=\"elementor-testimonial-name\">Flor Castelli<\/div>\n\t\t\t\t\t\t\t\t\t\t\t\t\t\t\t\t\t\t\t\t\t\t<div class=\"elementor-testimonial-job\">Estudiantente<\/div>\n\t\t\t\t\t\t\t\t\t\t\t\t\t<\/div>\n\t\t\t\t\t\t\t\t\t<\/div>\n\t\t\t<\/div>\n\t\t\t\t\t<\/div>\n\t\t\t\t\t\t<\/div>\n\t\t\t\t<\/div>\n\t\t\t\t<\/div>\n\t\t<div class=\"elementor-element elementor-element-b327039 e-con-full e-flex e-con e-child\" data-id=\"b327039\" data-element_type=\"container\" data-e-type=\"container\">\n\t\t\t\t<div class=\"elementor-element elementor-element-7bda125 elementor-widget elementor-widget-text-editor\" data-id=\"7bda125\" data-element_type=\"widget\" data-e-type=\"widget\" data-widget_type=\"text-editor.default\">\n\t\t\t\t<div class=\"elementor-widget-container\">\n\t\t\t\t\t\t\t\t\t<h2>Programa del curso de vitrales art\u00edsticos armado en plomo<\/h2>\n<h3>El proyecto<\/h3>\n<p>Como para casi todos nuestros cursos, tambi\u00e9n par el curso de vitrales art\u00edsticos armado en plomo, le pediremos que previamente piense en el dise\u00f1o sobre el cual usted querr\u00e1 trabajar, para no perder mucho tiempo en esta fase.<br \/>\nUna vez realizado el proyecto en escala, este ser\u00e1 llevado a las dimensiones reales , a mano o con la ayuda de una impresora.<\/p>\n<h3>Las l\u00edneas de corte del vidrio<\/h3>\n<p>Los estudiantes aprender\u00e1n a trazar las l\u00edneas de corte del vidrio que requiera su proyecto, las que deber\u00e1n realizarse en aquellos lugares en que se desee cambiar el color del vidrio, o donde por razones t\u00e9cnicas propias del corte del vidrio, se deber\u00e1 incluir alguna otra l\u00ednea de corte.<br \/>\nLos estudiantes aprender\u00e1n a efectuar estas l\u00edneas de corte del vidrio con el espesor necesario para dejar el espacio que ocupara el alma del lingote de plomo.<\/p>\n<h3>El corte del vidrio<\/h3>\n<p>Despu\u00e9s de una breve pr\u00e1ctica de corte con vidrio transparente com\u00fan, los estudiantes explorar\u00e1n la variedad de vidrios de colores disponibles, tanto en el mercado como en nuestro taller. En este punto podr\u00e1n elegir el vidrio m\u00e1s adecuado para su proyecto y aprender el arte del corte a mano alzada, utilizando el cortavidrios sobre una mesa de luz y siguiendo con atenci\u00f3n las l\u00edneas dibujadas previamente. Descubrir\u00e1n el uso de diferentes alicates para facilitar el corte, y afinar\u00e1n cada pieza de vidrio con la pulidora, para obtener formas precisas.<\/p>\n<h3>El armado con plomo<\/h3>\n<p>Una vez que todas las piezas de vidrio que conforman el vitral est\u00e9n prontas, los estudiantes aprender\u00e1n a montar las mismas en plomo, conforme al proyecto elegido. Aprender\u00e1n a trabajar con este metal, contorneando perfectamente las diversas formas del vidrio, utilizando el plomo del espesor necesario en consonancia con su dise\u00f1o. Un vez finalizado el armado, los estudiantes soldaran con esta\u00f1o las juntas de plomo.<\/p>\n<h3>El Estucado<\/h3>\n<p>El vitral ya armado en plomo y soldado, ser\u00e1 posteriormente estucado para darle rigidez e impermeabilidad. Los estudiantes aprender\u00e1n el proceso para la producci\u00f3n del estuco, cu\u00e1les son los ingredientes utilizados para su producci\u00f3n, el tiempo necesario de secado y su limpieza posterior. El vitral ser\u00e1 luego cepillado por ambos lados. Este procedimiento permite sacar el estuco sobrante y que el plomo y el esta\u00f1o logren un color uniforme.<\/p>\n<h3>Tuyo para guardar<\/h3>\n<p>Los estudiantes conservar\u00e1n todo el trabajo producido durante nuestro curso de vitrales art\u00edsticos armado en plomo. Apoyaremos su aprendizaje ofreci\u00e9ndole todos los materiales de estudio que necesita y supervisaremos y asesoraremos cuidadosamente durante el curso.<\/p>\n<p>La funci\u00f3n del Maestro consiste adem\u00e1s en proporcionar al estudiante todas las herramientas necesarias para la realizaci\u00f3n de su obra, y seguir el trabajo del mismo en todas sus fases y durante la totalidad de los d\u00edas que dure el curso de vitral art\u00edstico en plomo.<\/p>\n<p>Al final de el curso de vitrales art\u00edsticos armado en plomo los estudiantes ser\u00e1n asesorados acerca de c\u00f3mo podr\u00e1n conseguir todos los materiales necesarios para continuar practicando en su casa.<\/p>\n\t\t\t\t\t\t\t\t<\/div>\n\t\t\t\t<\/div>\n\t\t\t\t<\/div>\n\t\t<div class=\"elementor-element elementor-element-ea5a1f5 e-con-full e-flex e-con e-child\" data-id=\"ea5a1f5\" data-element_type=\"container\" data-e-type=\"container\">\n\t\t\t\t<div class=\"elementor-element elementor-element-31af85b elementor-widget elementor-widget-text-editor\" data-id=\"31af85b\" data-element_type=\"widget\" data-e-type=\"widget\" data-widget_type=\"text-editor.default\">\n\t\t\t\t<div class=\"elementor-widget-container\">\n\t\t\t\t\t\t\t\t\t<h2>Precio del curso 950\u20ac<\/h2>\n<h2>Duraci\u00f3n del curso y alojamiento<\/h2>\n<p>Nuestro curso de vitrales art\u00edsticos armado en plomo duran una semana (7 d\u00edas). Normalmente los estudiantes llegan el domingo por la tarde \/ noche para comenzar el curso el lunes por la ma\u00f1ana. El curso finalizar\u00e1 el domingo por la tarde.<\/p>\n<p>Tenemos la posibilidad de recibir estudiantes que participen en nuestro curso de vitral artistico armado en plomo. en un hermoso <a href=\"https:\/\/ikostudio.it\/es\/alojamiento-para-estudiantes\/\" target=\"_blank\" rel=\"noopener\">apartamento<\/a> en el burgo medieval del castillo de <a href=\"https:\/\/it.wikipedia.org\/wiki\/Bolsena\" target=\"_blank\" rel=\"noopener\">Bolsena<\/a> a un <strong>precio muy especial<\/strong><\/p>\n\t\t\t\t\t\t\t\t<\/div>\n\t\t\t\t<\/div>\n\t\t\t\t<div class=\"elementor-element elementor-element-081eed5 elementor-widget elementor-widget-text-editor\" data-id=\"081eed5\" data-element_type=\"widget\" data-e-type=\"widget\" data-widget_type=\"text-editor.default\">\n\t\t\t\t<div class=\"elementor-widget-container\">\n\t\t\t\t\t\t\t\t\t<ul>\n<li>7 d\u00edas de clases<\/li>\n<li>8 horas de trabajo diario<\/li>\n<li>Almuerzos gratis todos los d\u00edas<\/li>\n<li>Material incluido<\/li>\n<li>Posibilidad de alojamiento<\/li>\n<\/ul>\n\t\t\t\t\t\t\t\t<\/div>\n\t\t\t\t<\/div>\n\t\t\t\t<div class=\"elementor-element elementor-element-590c3cc elementor-cta--skin-classic elementor-animated-content elementor-bg-transform elementor-bg-transform-zoom-in elementor-widget elementor-widget-call-to-action\" data-id=\"590c3cc\" data-element_type=\"widget\" data-e-type=\"widget\" data-widget_type=\"call-to-action.default\">\n\t\t\t\t<div class=\"elementor-widget-container\">\n\t\t\t\t\t\t\t<div class=\"elementor-cta\">\n\t\t\t\t\t\t\t<div class=\"elementor-cta__content\">\n\t\t\t\t\n\t\t\t\t\t\t\t\t\t<h2 class=\"elementor-cta__title elementor-cta__content-item elementor-content-item\">\n\t\t\t\t\t\tReserve hoy!\t\t\t\t\t<\/h2>\n\t\t\t\t\n\t\t\t\t\t\t\t\t\t<div class=\"elementor-cta__description elementor-cta__content-item elementor-content-item\">\n\t\t\t\t\t\t<p>\u00a1No esperes m\u00e1s!<\/p>\n\t\t\t\t\t<\/div>\n\t\t\t\t\n\t\t\t\t\t\t\t\t\t<div class=\"elementor-cta__button-wrapper elementor-cta__content-item elementor-content-item \">\n\t\t\t\t\t<a class=\"elementor-cta__button elementor-button elementor-size-\" href=\"https:\/\/ikostudio.it\/es\/cursos-de-vitral-artistico\/informarse-reservar\/\">\n\t\t\t\t\t\t\u00a1\u00c1ndale!\t\t\t\t\t<\/a>\n\t\t\t\t\t<\/div>\n\t\t\t\t\t\t\t<\/div>\n\t\t\t\t\t\t<\/div>\n\t\t\t\t\t\t<\/div>\n\t\t\t\t<\/div>\n\t\t\t\t<div class=\"elementor-element elementor-element-e8e3866 elementor-widget elementor-widget-heading\" data-id=\"e8e3866\" data-element_type=\"widget\" data-e-type=\"widget\" data-widget_type=\"heading.default\">\n\t\t\t\t<div class=\"elementor-widget-container\">\n\t\t\t\t\t<h2 class=\"elementor-heading-title elementor-size-default\">Galer\u00eda de estudiantes<\/h2>\t\t\t\t<\/div>\n\t\t\t\t<\/div>\n\t\t\t\t<\/div>\n\t\t\t\t<\/div>\n\t\t\t\t\t<\/div>\n\t\t\t\t<\/div>\n\t\t\t\t<\/div>\n\t\t","protected":false},"excerpt":{"rendered":"<p>Que aprenderas En el curso de vitrales art\u00edsticos armado en plomo de IKO Studio aprender\u00e1 todas las t\u00e9cnicas para crear un vitral armado en plomo sin ninguna pintura sobre vidrio, solo con mosaicos de diferentes colores. Nuestras obras son producidas generalmente utilizando esta t\u00e9cnica, por lo que compartiremos con usted nuestra experiencia y las buenas [&hellip;]<\/p>\n","protected":false},"author":3,"featured_media":498,"parent":1329,"menu_order":0,"comment_status":"closed","ping_status":"closed","template":"","meta":{"footnotes":""},"class_list":["post-1330","page","type-page","status-publish","has-post-thumbnail","hentry"],"_links":{"self":[{"href":"https:\/\/ikostudio.it\/es\/wp-json\/wp\/v2\/pages\/1330","targetHints":{"allow":["GET"]}}],"collection":[{"href":"https:\/\/ikostudio.it\/es\/wp-json\/wp\/v2\/pages"}],"about":[{"href":"https:\/\/ikostudio.it\/es\/wp-json\/wp\/v2\/types\/page"}],"author":[{"embeddable":true,"href":"https:\/\/ikostudio.it\/es\/wp-json\/wp\/v2\/users\/3"}],"replies":[{"embeddable":true,"href":"https:\/\/ikostudio.it\/es\/wp-json\/wp\/v2\/comments?post=1330"}],"version-history":[{"count":0,"href":"https:\/\/ikostudio.it\/es\/wp-json\/wp\/v2\/pages\/1330\/revisions"}],"up":[{"embeddable":true,"href":"https:\/\/ikostudio.it\/es\/wp-json\/wp\/v2\/pages\/1329"}],"wp:featuredmedia":[{"embeddable":true,"href":"https:\/\/ikostudio.it\/es\/wp-json\/wp\/v2\/media\/498"}],"wp:attachment":[{"href":"https:\/\/ikostudio.it\/es\/wp-json\/wp\/v2\/media?parent=1330"}],"curies":[{"name":"wp","href":"https:\/\/api.w.org\/{rel}","templated":true}]}}