{"id":1323,"date":"2014-03-17T00:00:00","date_gmt":"2014-03-17T00:00:00","guid":{"rendered":"http:\/\/ikostudio.it\/index.php\/vitrales-artisticos-sacros\/"},"modified":"2025-01-19T14:31:36","modified_gmt":"2025-01-19T14:31:36","slug":"vitrales-artisticos-sacros","status":"publish","type":"page","link":"https:\/\/ikostudio.it\/es\/vitrales-artisticos-sacros\/","title":{"rendered":"Vitrales Art\u00edsticos Sacros"},"content":{"rendered":"\t\t<div data-elementor-type=\"wp-post\" data-elementor-id=\"1323\" class=\"elementor elementor-1323 elementor-904\" data-elementor-post-type=\"page\">\n\t\t\t\t<div class=\"elementor-element elementor-element-b22863b e-flex e-con-boxed e-con e-parent\" data-id=\"b22863b\" data-element_type=\"container\" data-e-type=\"container\">\n\t\t\t\t\t<div class=\"e-con-inner\">\n\t\t<div class=\"elementor-element elementor-element-de43e61 e-con-full e-flex e-con e-child\" data-id=\"de43e61\" data-element_type=\"container\" data-e-type=\"container\">\n\t\t\t\t<div class=\"elementor-element elementor-element-afc3918 elementor-widget elementor-widget-heading\" data-id=\"afc3918\" data-element_type=\"widget\" data-e-type=\"widget\" data-widget_type=\"heading.default\">\n\t\t\t\t<div class=\"elementor-widget-container\">\n\t\t\t\t\t<h1 class=\"elementor-heading-title elementor-size-default\">Vitrales Art\u00edsticos Sacros<\/h1>\t\t\t\t<\/div>\n\t\t\t\t<\/div>\n\t\t\t\t<div class=\"elementor-element elementor-element-504eae4 elementor-widget elementor-widget-text-editor\" data-id=\"504eae4\" data-element_type=\"widget\" data-e-type=\"widget\" data-widget_type=\"text-editor.default\">\n\t\t\t\t<div class=\"elementor-widget-container\">\n\t\t\t\t\t\t\t\t\t<p>Dise\u00f1amos y realizamos vitrales art\u00edsticos sacros para iglesias, capillas privadas, capillas funerarias y otros lugares de culto, llevando la belleza del vitral a los espacios sagrados.<\/p>\n<p>Cada uno de nuestros vitrales es el resultado de un proceso creativo meticuloso y detallado. Los bocetos, realizados a mano y pintados con acuarelas, permiten expresar al m\u00e1ximo la transparencia del vidrio. Nuestro constante compromiso con la investigaci\u00f3n art\u00edstica nos impulsa a encontrar el significado iconogr\u00e1fico m\u00e1s adecuado a las solicitudes de nuestros clientes, maximizando el simbolismo sacro.<\/p>\n<p>A petici\u00f3n, podemos desarrollar bocetos proporcionados por nuestros clientes o reinterpretar im\u00e1genes sagradas ya existentes, aplicando nuestra experiencia y habilidad artesanal para transformarlas en obras \u00fanicas de arte vitral.<\/p>\n<h3><strong>Experiencia y Versatilidad<\/strong><\/h3>\n<p>Gracias a una experiencia adquirida tanto en nuestro estudio como en colaboraciones con talleres italianos e ingleses, somos capaces de realizar vitrales en una amplia gama de estilos: desde el cl\u00e1sico barroco y g\u00f3tico hasta dise\u00f1os modernos, contempor\u00e1neos y abstractos.<\/p>\n<h3><strong>La Pintura a Grisalla: La Excelencia de IKO Studio<\/strong><\/h3>\n<p>Nuestros vitrales art\u00edsticos sacros se enriquecen con t\u00e9cnicas tradicionales como la pintura grisalla, la aplicaci\u00f3n de esmaltes transparentes y el amarillo de plata. Estos m\u00e9todos aportan profundidad, delicadeza y singularidad a cada obra. Las piezas de vidrio se cuecen a 650\u00b0C, a menudo sometidas a m\u00faltiples cocciones para garantizar tonalidades perfectas y duraderas, manteniendo vivas las t\u00e9cnicas tradicionales de trabajo artesanal.<\/p>\n\t\t\t\t\t\t\t\t<\/div>\n\t\t\t\t<\/div>\n\t\t\t\t<div class=\"elementor-element elementor-element-5378135 elementor-widget elementor-widget-image\" data-id=\"5378135\" data-element_type=\"widget\" data-e-type=\"widget\" data-widget_type=\"image.default\">\n\t\t\t\t<div class=\"elementor-widget-container\">\n\t\t\t\t\t\t\t\t\t\t\t\t\t\t\t<img fetchpriority=\"high\" decoding=\"async\" width=\"768\" height=\"577\" src=\"https:\/\/ikostudio.it\/wp-content\/uploads\/2024\/10\/Particolare-Vetrate-Artistiche-Sacre-768x577.jpg\" class=\"attachment-medium_large size-medium_large wp-image-24785\" alt=\"Vitrales Art\u00edsticos Sacros Detalle\" srcset=\"https:\/\/ikostudio.it\/wp-content\/uploads\/2024\/10\/Particolare-Vetrate-Artistiche-Sacre-768x577.jpg 768w, https:\/\/ikostudio.it\/wp-content\/uploads\/2024\/10\/Particolare-Vetrate-Artistiche-Sacre-300x225.jpg 300w, https:\/\/ikostudio.it\/wp-content\/uploads\/2024\/10\/Particolare-Vetrate-Artistiche-Sacre.jpg 980w\" sizes=\"(max-width: 768px) 100vw, 768px\" \/>\t\t\t\t\t\t\t\t\t\t\t\t\t\t\t<\/div>\n\t\t\t\t<\/div>\n\t\t\t\t<div class=\"elementor-element elementor-element-fb4329f elementor-widget elementor-widget-text-editor\" data-id=\"fb4329f\" data-element_type=\"widget\" data-e-type=\"widget\" data-widget_type=\"text-editor.default\">\n\t\t\t\t<div class=\"elementor-widget-container\">\n\t\t\t\t\t\t\t\t\t<h3><strong>Los Mejores Materiales del Mercado<\/strong><\/h3>\n<p>Para garantizar la m\u00e1xima calidad, utilizamos materiales de excelencia:<\/p>\n<ul>\n<li>Perfilados de plomo finos (hasta 2,5 mm), que se integran armoniosamente en el dise\u00f1o final.<\/li>\n<li>Vidrios soplados, enriquecidos con sugerentes vetas y burbujas de aire, ideales para proyectos modernos y contempor\u00e1neos.<\/li>\n<li>Los mejores pigmentos, grisallas y esmaltes transparentes, que importamos de los Estados Unidos.<\/li>\n<\/ul>\n<h3><strong>Servicios Completos y Personalizados<\/strong><\/h3>\n<p>IKO Studio ofrece un servicio integral, supervisando cada fase del proyecto: desde el dise\u00f1o hasta la creaci\u00f3n, el env\u00edo y la instalaci\u00f3n. Adem\u00e1s, bajo petici\u00f3n:<\/p>\n<ul>\n<li>Colaboramos con profesionales de confianza para la creaci\u00f3n de marcos en acero o hierro galvanizado, asegurando un producto acabado de alta calidad.<\/li>\n<li>Instalamos vitrales en doble acristalamiento laminado para garantizar aislamiento t\u00e9rmico, ac\u00fastico y seguridad.<\/li>\n<li>Realizamos la colocaci\u00f3n de vitrales art\u00edsticos sacros en doble acristalamiento laminado, asegurando aislamiento y protecci\u00f3n.<\/li>\n<li>Cuando es requerido, nos encargamos de la instalaci\u00f3n in situ.<\/li>\n<\/ul>\n<p>Gracias a nuestra fluidez en ingl\u00e9s y espa\u00f1ol, podemos gestionar proyectos internacionales, llevando nuestra arte vitral a todo el mundo.<\/p>\n<h3><strong>Proyectos Destacados<\/strong><\/h3>\n<ul>\n<li><strong>2012<\/strong>: Dos grandes vitrales para la iglesia de San Girolamo al Corviale (Roma), basados en bocetos originales del artista Ivan Polverari.<\/li>\n<li><strong>2017<\/strong>: Restauraci\u00f3n y modificaci\u00f3n del vitral historiado de la Capilla Pontificia de la Universidad Lateranense (Roma).<\/li>\n<li><strong>2018<\/strong>: Cinco vitrales para el convento de los <a href=\"https:\/\/it.nursia.org\/\" target=\"_blank\" rel=\"noopener\">monjes benedictinos de Norcia<\/a>, creados para una capilla reconstruida tras el terremoto.<\/li>\n<li><strong>2023<\/strong>: Un gran vitral historiado para el convento de las monjas benedictinas de Ghiffa (Lago Mayor), en colaboraci\u00f3n con Ivan Polverari.<\/li>\n<li><strong>2024<\/strong>: Cinco vitrales para la iglesia \u201cOur Mother Mary Queen of Heaven and Earth\u201d (Ruanda), con una extraordinaria representaci\u00f3n de \u00abLa \u00daltima Cena\u00bb de Leonardo da Vinci pintada en grisalla.<\/li>\n<\/ul>\n<h3><strong>Haz Realidad Tu Visi\u00f3n: Cont\u00e1ctanos para un Presupuest<\/strong><\/h3>\n<p>Conf\u00eda en IKO Studio para transformar la luz en arte sacro. Ya sea que necesites un vitral para una iglesia, una capilla privada u otro lugar de culto, nuestro equipo est\u00e1 listo para dar vida a tu visi\u00f3n con experiencia y pasi\u00f3n. <a href=\"https:\/\/ikostudio.it\/es\/contactos\/\">Cont\u00e1ctanos hoy mismo para un presupuesto personalizado<\/a> y descubre c\u00f3mo podemos hacer \u00fanico tu proyecto con vitrales art\u00edsticos sacros de extraordinaria belleza y calidad.<\/p>\n\t\t\t\t\t\t\t\t<\/div>\n\t\t\t\t<\/div>\n\t\t\t\t<\/div>\n\t\t<div class=\"elementor-element elementor-element-2b82ef0 e-con-full e-flex e-con e-child\" data-id=\"2b82ef0\" data-element_type=\"container\" data-e-type=\"container\" data-settings=\"{&quot;background_background&quot;:&quot;classic&quot;}\">\n\t\t\t\t<div class=\"elementor-element elementor-element-af9e40f elementor-widget elementor-widget-heading\" data-id=\"af9e40f\" data-element_type=\"widget\" data-e-type=\"widget\" data-widget_type=\"heading.default\">\n\t\t\t\t<div class=\"elementor-widget-container\">\n\t\t\t\t\t<h2 class=\"elementor-heading-title elementor-size-default\">nuestro vitrales art\u00edsticos sacros<\/h2>\t\t\t\t<\/div>\n\t\t\t\t<\/div>\n\t\t\t\t<div class=\"elementor-element elementor-element-726c791 elementor-cta--skin-classic elementor-animated-content elementor-bg-transform elementor-bg-transform-zoom-in elementor-widget elementor-widget-call-to-action\" data-id=\"726c791\" data-element_type=\"widget\" data-e-type=\"widget\" data-widget_type=\"call-to-action.default\">\n\t\t\t\t<div class=\"elementor-widget-container\">\n\t\t\t\t\t\t\t<div class=\"elementor-cta\">\n\t\t\t\t\t\t\t<div class=\"elementor-cta__content\">\n\t\t\t\t\n\t\t\t\t\t\t\t\t\t<h2 class=\"elementor-cta__title elementor-cta__content-item elementor-content-item\">\n\t\t\t\t\t\tDescubra c\u00f3mo encargar un vitral\t\t\t\t\t<\/h2>\n\t\t\t\t\n\t\t\t\t\t\t\t\t\t<div class=\"elementor-cta__description elementor-cta__content-item elementor-content-item\">\n\t\t\t\t\t\t<p>Cont\u00e1ctenos para una discusi\u00f3n informal o una cotizaci\u00f3n.<\/p>\n\t\t\t\t\t<\/div>\n\t\t\t\t\n\t\t\t\t\t\t\t\t\t<div class=\"elementor-cta__button-wrapper elementor-cta__content-item elementor-content-item \">\n\t\t\t\t\t<a class=\"elementor-cta__button elementor-button elementor-size-\" href=\"http:\/\/tel+393458723146\">\n\t\t\t\t\t\tllama ahora\t\t\t\t\t<\/a>\n\t\t\t\t\t<\/div>\n\t\t\t\t\t\t\t<\/div>\n\t\t\t\t\t\t<\/div>\n\t\t\t\t\t\t<\/div>\n\t\t\t\t<\/div>\n\t\t\t\t<\/div>\n\t\t\t\t\t<\/div>\n\t\t\t\t<\/div>\n\t\t\t\t<\/div>\n\t\t","protected":false},"excerpt":{"rendered":"<p>Dise\u00f1amos y realizamos vitrales art\u00edsticos sacros para iglesias, capillas privadas, capillas funerarias y otros lugares de culto, llevando la belleza del vitral a los espacios sagrados. Cada uno de nuestros vitrales es el resultado de un proceso creativo meticuloso y detallado. Los bocetos, realizados a mano y pintados con acuarelas, permiten expresar al m\u00e1ximo la [&hellip;]<\/p>\n","protected":false},"author":3,"featured_media":226,"parent":0,"menu_order":0,"comment_status":"open","ping_status":"closed","template":"","meta":{"footnotes":""},"class_list":["post-1323","page","type-page","status-publish","has-post-thumbnail","hentry"],"_links":{"self":[{"href":"https:\/\/ikostudio.it\/es\/wp-json\/wp\/v2\/pages\/1323","targetHints":{"allow":["GET"]}}],"collection":[{"href":"https:\/\/ikostudio.it\/es\/wp-json\/wp\/v2\/pages"}],"about":[{"href":"https:\/\/ikostudio.it\/es\/wp-json\/wp\/v2\/types\/page"}],"author":[{"embeddable":true,"href":"https:\/\/ikostudio.it\/es\/wp-json\/wp\/v2\/users\/3"}],"replies":[{"embeddable":true,"href":"https:\/\/ikostudio.it\/es\/wp-json\/wp\/v2\/comments?post=1323"}],"version-history":[{"count":0,"href":"https:\/\/ikostudio.it\/es\/wp-json\/wp\/v2\/pages\/1323\/revisions"}],"wp:featuredmedia":[{"embeddable":true,"href":"https:\/\/ikostudio.it\/es\/wp-json\/wp\/v2\/media\/226"}],"wp:attachment":[{"href":"https:\/\/ikostudio.it\/es\/wp-json\/wp\/v2\/media?parent=1323"}],"curies":[{"name":"wp","href":"https:\/\/api.w.org\/{rel}","templated":true}]}}