{"id":1322,"date":"2014-03-14T00:00:00","date_gmt":"2014-03-14T00:00:00","guid":{"rendered":"http:\/\/ikostudio.it\/index.php\/vitrales-artisticos-clasicos\/"},"modified":"2014-03-14T00:00:00","modified_gmt":"2014-03-14T00:00:00","slug":"vitrales-artisticos-clasicos","status":"publish","type":"page","link":"https:\/\/ikostudio.it\/es\/vitrales-artisticos-clasicos\/","title":{"rendered":"Vitrales Artisticos Clasicos"},"content":{"rendered":"<p>[vc_row][vc_column][vc_column_text]<\/p>\n<h1>Vitrales Artisticos Clasicos<\/h1>\n<p>El Estilo cl\u00e1sico es aquel que, inspirado en los modelos de belleza cl\u00e1sicos, ha hecho c\u00e9lebre a los vitrales montados en plomo, para la decoraci\u00f3n de interiores.<br \/>\nLa imaginaci\u00f3n sin embargo, ha utilizado adem\u00e1s de aquellas figuras inspiradas en el arte cl\u00e1sico y renacentista , im\u00e1genes inspiradas en la naturaleza.<br \/>\nLas flores desempe\u00f1an un papel fundamental, algunas veces finamente pintadas sobre el vidrio con grisallas y esmaltes de color, otras veces, como en el estilo Art Nouveau, estilizadas en un elegante mosaico de plomo y vidrios de color.[\/vc_column_text][\/vc_column][\/vc_row][vc_row][vc_column width=\u00bb2\/3&#8243;][vc_column_text]<\/p>\n<h2>Porque elegir el estilo clasico?<\/h2>\n<p>Un vitral art\u00edstico aporta una elegancia \u00fanica en la decoraci\u00f3n de interiores, pudiendo convertirse tanto en el punto principal de atenci\u00f3n o complementando con armon\u00eda el estilo de vuestra casa.-<br \/>\nRegala color a su ambiente, logra privacidad del exterior y en la noche, iluminada desde dentro, crea un esplendido efecto en la fachada de su casa.<\/p>\n<h2>Donde colocarlo<\/h2>\n<p>Desde un simple motivo de rombos a uno m\u00e1s complejo, figurativo o floral, los vitrales art\u00edsticos son un complemento decorativo \u00fanico y de estilo para su casa.<br \/>\nPuede ser colocado en una ventana, en una puerta, como lucernario, divisi\u00f3n de ambientes, en un mueble, en un nicho iluminado desde atr\u00e1s o tambi\u00e9n sobre la pared como luminaria art\u00edstica.[\/vc_column_text][\/vc_column][vc_column width=\u00bb1\/3&#8243;][vc_single_image image=\u00bb11566&#8243; img_size=\u00bb200&#215;370&#8243; alignment=\u00bbcenter\u00bb][\/vc_column][\/vc_row][vc_row][vc_column width=\u00bb1\/2&#8243;][vc_column_text]<\/p>\n<h2>La tecnica<\/h2>\n<p>Los Vitrales artisticos clasicos\u00a0de IKO Studio son realizados siguiendo las t\u00e9cnicas tradicionales, las mismas t\u00e9cnicas de siglos atr\u00e1s , que hoy han hecho posible la conservaci\u00f3n de obras \u00fanicas del Medioevo .<br \/>\nDesde la creaci\u00f3n del boceto, al corte del vidrio, desde la pintura sobre el vidrio y el armado del vitral en plomo, todas estas fases son realizadas \u00fanicamente a mano.<br \/>\nLa etapa que lleva m\u00e1s tiempo y m\u00e1s trabajo es, sin lugar a dudas, la de la pintura sobre el vidrio, en la que cada capa de color es cocinado en el horno a una temperatura de 650 grados, para garantizar su perdurabilidad en el tiempo.<br \/>\nTerminada esta etapa, los mosaicos de vidrio coloreados y pintados son ensamblados en plomo con gran maestria, utilizando plomo de diverso espesor.<br \/>\nAl final la obra ser\u00e1 estucada para garantizar su rigidez e impermeabilidad.<\/p>\n<p>Nuestra fortaleza es la calidad y el cuidado extremo de cada minucioso detalle, que hacen que los vitrales de IKO Studio sean admirados por su perfecci\u00f3n tanto de lejos como de muy cerca.[\/vc_column_text][\/vc_column][vc_column width=\u00bb1\/2&#8243;][vc_separator color=\u00bbwhite\u00bb][vc_single_image image=\u00bb8096&#8243; img_size=\u00bbfull\u00bb add_caption=\u00bbyes\u00bb alignment=\u00bbcenter\u00bb][vc_btn title=\u00bbLa Tecnica di un vitral\u00bb color=\u00bbprimary\u00bb align=\u00bbcenter\u00bb link=\u00bburl:https%3A%2F%2Fwww.ikostudio.it%2Fes%2Fla-tecnica-di-un-vitral%2F||target:%20_blank|\u00bb][\/vc_column][\/vc_row][vc_row][vc_column][vc_column_text]<\/p>\n<h2>El boceto<\/h2>\n<p>Luego de una atenta conversaci\u00f3n con nuestros clientes, donde compartimos nuestra experiencia, o\u00edmos sus ideas y sus preferencias, producimos lo que en t\u00e9rminos t\u00e9cnicos se denomina boceto.<br \/>\nEste es producido a escala y por completo dise\u00f1ado a mano, pintado con acuarelas para dar una idea del color que se utilizara, mientras que las l\u00edneas del plomo ser\u00e1n destacadas con un trazo en color negro.-<br \/>\nNuestros bocetos son \u00fanicos y realizados especialmente para usted. Cada boceto puede requerir horas de trabajo especializado hasta dar con el boceto justo.<br \/>\nUna vez que el boceto sea aprobado por el cliente, ser\u00e1 realizado en tama\u00f1o real y sobre el se realizara el vitral art\u00edstico.<br \/>\nDisponemos de una galer\u00eda fotogr\u00e1fica con obras del pasado que hemos hecho o restaurado, as\u00ed como una vasta colecci\u00f3n de libros espec\u00edficos sobre vitrales, lo que podr\u00e1 resultar muy \u00fatil a la hora de realizar el proyecto.<br \/>\nTodav\u00eda cada proyecto de IKO Studio es original y creado solo para usted.<\/p>\n<h2>No sera abandonado<\/h2>\n<p>Despu\u00e9s de la creaci\u00f3n del boceto, no ser\u00e1 dejado de lado, llev\u00e1ndose una sorpresa que podr\u00eda llegar a ser desagradable el momento de la entrega de la obra.<br \/>\nIKO Studio compartir\u00e1 con usted las fotograf\u00edas de las diversas etapas de producci\u00f3n del vitral , de manera de tenerlo al tanto de los avances con la pintura sobre el vidrio y para consultarlo respecto de la elecci\u00f3n de los colores.<br \/>\nLas Vitrales artisticos clasicos\u00a0ser\u00e1 tambi\u00e9n fotografiado antes de su expedici\u00f3n o de la puesta en obra.<br \/>\nTenemos una vasta experiencia de trabajo en este sentido, enviando nuestras obras puntualmente o antes de la fecha pre-establecida, respetando rigurosamente el presupuesto previamente acordado con el cliente.<\/p>\n<p>[button size=\u00bbmedium\u00bb align=\u00bbleft\u00bb link=\u00bbhttp:\/\/www.ikostudio.it\/contatti\/\u00bb linkTarget=\u00bb_blank\u00bb color=\u00bbblue\u00bb]Contactos[\/button]<br \/>\n[divider_top][\/vc_column_text][\/vc_column][\/vc_row][vc_row][vc_column][vc_btn title=\u00bbCont\u00e1ctenos para m\u00e1s informaci\u00f3n\u00bb color=\u00bbblue\u00bb align=\u00bbleft\u00bb link=\u00bburl:https%3A%2F%2Fwww.ikostudio.it%2Fes%2Fcontactos%2F||target:%20_blank|\u00bb][\/vc_column][\/vc_row]<\/p>\n","protected":false},"excerpt":{"rendered":"<p>[vc_row][vc_column][vc_column_text] Vitrales Artisticos Clasicos El Estilo cl\u00e1sico es aquel que, inspirado en los modelos de belleza cl\u00e1sicos, ha hecho c\u00e9lebre a los vitrales montados en plomo, para la decoraci\u00f3n de interiores. La imaginaci\u00f3n sin embargo, ha utilizado adem\u00e1s de aquellas figuras inspiradas en el arte cl\u00e1sico y renacentista , im\u00e1genes inspiradas en la naturaleza. Las [&hellip;]<\/p>\n","protected":false},"author":1,"featured_media":403,"parent":0,"menu_order":0,"comment_status":"open","ping_status":"closed","template":"","meta":{"footnotes":""},"class_list":["post-1322","page","type-page","status-publish","has-post-thumbnail","hentry"],"_links":{"self":[{"href":"https:\/\/ikostudio.it\/es\/wp-json\/wp\/v2\/pages\/1322","targetHints":{"allow":["GET"]}}],"collection":[{"href":"https:\/\/ikostudio.it\/es\/wp-json\/wp\/v2\/pages"}],"about":[{"href":"https:\/\/ikostudio.it\/es\/wp-json\/wp\/v2\/types\/page"}],"author":[{"embeddable":true,"href":"https:\/\/ikostudio.it\/es\/wp-json\/wp\/v2\/users\/1"}],"replies":[{"embeddable":true,"href":"https:\/\/ikostudio.it\/es\/wp-json\/wp\/v2\/comments?post=1322"}],"version-history":[{"count":0,"href":"https:\/\/ikostudio.it\/es\/wp-json\/wp\/v2\/pages\/1322\/revisions"}],"wp:featuredmedia":[{"embeddable":true,"href":"https:\/\/ikostudio.it\/es\/wp-json\/wp\/v2\/media\/403"}],"wp:attachment":[{"href":"https:\/\/ikostudio.it\/es\/wp-json\/wp\/v2\/media?parent=1322"}],"curies":[{"name":"wp","href":"https:\/\/api.w.org\/{rel}","templated":true}]}}